{"id":202,"date":"2021-03-06T08:18:57","date_gmt":"2021-03-06T07:18:57","guid":{"rendered":"https:\/\/piernikziskierka.pl\/?page_id=202"},"modified":"2021-03-09T15:24:02","modified_gmt":"2021-03-09T14:24:02","slug":"regulamin","status":"publish","type":"page","link":"https:\/\/piernikziskierka.pl\/en\/regulamin\/","title":{"rendered":"Terms &amp; Conditions"},"content":{"rendered":"<div class=\"fusion-fullwidth fullwidth-box fusion-builder-row-1 fusion-flex-container nonhundred-percent-fullwidth non-hundred-percent-height-scrolling\" style=\"background-color: rgba(255,255,255,0);background-position: center center;background-repeat: no-repeat;border-width: 0px 0px 0px 0px;border-color:#e2e2e2;border-style:solid;\" ><div class=\"fusion-builder-row fusion-row fusion-flex-align-items-flex-start\" style=\"max-width:1248px;margin-left: calc(-4% \/ 2 );margin-right: calc(-4% \/ 2 );\"><div class=\"fusion-layout-column fusion_builder_column fusion-builder-column-0 fusion_builder_column_1_1 1_1 fusion-flex-column\"><div class=\"fusion-column-wrapper fusion-flex-justify-content-flex-start fusion-content-layout-column\" style=\"background-position:left top;background-repeat:no-repeat;-webkit-background-size:cover;-moz-background-size:cover;-o-background-size:cover;background-size:cover;padding: 0px 0px 0px 0px;\"><style type=\"text\/css\">@media only screen and (max-width:1024px) {.fusion-title.fusion-title-1{margin-top:10px!important; margin-right:0px!important;margin-bottom:15px!important;margin-left:0px!important;}}@media only screen and (max-width:640px) {.fusion-title.fusion-title-1{margin-top:10px!important; margin-right:0px!important;margin-bottom:10px!important; margin-left:0px!important;}}<\/style><div class=\"fusion-title title fusion-title-1 fusion-sep-none fusion-title-center fusion-title-text fusion-title-size-two\" style=\"margin-top:10px;margin-right:0px;margin-bottom:15px;margin-left:0px;\"><h2 class=\"title-heading-center fusion-responsive-typography-calculated\" style=\"margin:0;--fontSize:40;line-height:1.2;\">Terms &amp; Conditions<\/h2><\/div><div class=\"fusion-text fusion-text-1\"><h2 class=\"western\">Terms &amp; Conditions<\/h2>\n<p>W\u0142a\u015bcicielem sklepu jest firma:<br \/>\nMAR MAT STAL Mariusz Iskrzycki, Pisary 36, 57-530 Mi\u0119dzylesie<br \/>\n<b>NIP <\/b>8811489424<br \/>\n<strong>REGON:<\/strong> 022132084<\/p>\n<p><strong>I. Og\u00f3lne zasady funkcjonowania sklepu<\/strong><\/p>\n<ul>\n<li>Sprzeda\u017c produkt\u00f3w w Sklepie odbywa si\u0119 za pomoc\u0105 sieci Internet w formie umowy zawieranej na odleg\u0142o\u015b\u0107, pomi\u0119dzy kupuj\u0105cym \u2013 zwanym dalej \u201eKupuj\u0105cym\u201d, a \u201eSprzedaj\u0105cym\u201d.<\/li>\n<li>Przedmiotami transakcji s\u0105 towary przedstawione w ofercie sklepu internetowego www.piernikziskierka.pl<\/li>\n<li>Wszystkie ceny widniej\u0105ce na stronach internetowych sklepu www.piernikziskierka.pl s\u0105 wyra\u017cone w polskich z\u0142otych i s\u0105 cenami brutto do zap\u0142aty.<\/li>\n<li>Sprzedaj\u0105cy zastrzega sobie prawo do zmiany cen produkt\u00f3w znajduj\u0105cych si\u0119 w Sklepie, wprowadzania nowych produkt\u00f3w do oferty Sklepu, przeprowadzania i odwo\u0142ywania akcji promocyjnych na stronach Sklepu b\u0105d\u017a wprowadzania w nich zmian.<\/li>\n<li>Sklep dok\u0142ada wszelkich stara\u0144, by zdj\u0119cia towar\u00f3w jak najdok\u0142adniej odzwierciedla\u0142y ich rzeczywisty wygl\u0105d. Z uwagi na r\u00f3\u017cnice parametr\u00f3w poszczeg\u00f3lnych monitor\u00f3w, mo\u017cliwe s\u0105 r\u00f3\u017cnice w gamie kolorystycznej mi\u0119dzy faktycznym wygl\u0105dem produktu, a obrazem wy\u015bwietlanym na monitorze Kupuj\u0105cego.<\/li>\n<\/ul>\n<p><strong>II. Procedura sk\u0142adania zam\u00f3wie\u0144<\/strong><\/p>\n<ul>\n<li>Warunkiem realizacji zam\u00f3wienia jest poprawne wype\u0142nienie formularza zam\u00f3wienia i klikni\u0119cie \u201eZAMAWIAM I P\u0141AC\u0118\u201d, podanie numeru telefonu a tak\u017ce adresu e-mail, na kt\u00f3ry zostanie przes\u0142ana informacja o z\u0142o\u017ceniu i realizacji zam\u00f3wienia.<\/li>\n<li>Zam\u00f3wienie jest przekazywane do realizacji w momencie otrzymania przez Kupuj\u0105cego wiadomo\u015bci e-mail z potwierdzeniem z\u0142o\u017conego zam\u00f3wienia.<\/li>\n<li>Otrzymanie e-maila z potwierdzeniem z\u0142o\u017conego zam\u00f3wienia jest potwierdzeniem zawarcia umowy sprzeda\u017cy pomi\u0119dzy Kupuj\u0105cym a Sprzedaj\u0105cym.<\/li>\n<li>Wszelkie zmiany w zam\u00f3wieniu musz\u0105 zosta\u0107 potwierdzone za po\u015brednictwem poczty elektronicznej.<\/li>\n<li>Z\u0142o\u017cenie zam\u00f3wienia jest r\u00f3wnoznaczne z wyra\u017ceniem zgody Kupuj\u0105cego na przechowywanie i przetwarzanie danych osobowych przez firm\u0119 MAR MAT STAL Mariusz Iskrzycki, Pisary 36, 57-530 Mi\u0119zylesie w celu realizacji zam\u00f3wienia.<\/li>\n<li>Zam\u00f3wienia z\u0142o\u017cone w dni powszednie po godz. 17.00, w soboty, niedziele i \u015bwi\u0119ta rozpatrywane b\u0119d\u0105 nast\u0119pnego dnia roboczego.<\/li>\n<\/ul>\n<p><strong>III. Realizacja zam\u00f3wienia<\/strong><\/p>\n<ul>\n<li>Wysy\u0142ka zm\u00f3wionego towaru nast\u0119puje w ci\u0105gu 3-5 dniu roboczych od dnia zaksi\u0119gowania na rachunku firmy Piernik z Iskierk\u0105 wp\u0142aty za zam\u00f3wiony towar lub w przypadku wybrania przez Kupuj\u0105cego opcji wysy\u0142ki za pobraniem, w ci\u0105gu 3 -5 dni roboczych od z\u0142o\u017cenia zam\u00f3wienia. Podany czas realizacji zam\u00f3wienia nie uwzgl\u0119dnia dni wolnych od pracy. Czas realizacji zam\u00f3wie\u0144 na upominki weselne wynosi od 14 dni roboczych.<\/li>\n<li>Maksymalny termin oczekiwania na wp\u0142at\u0119 to jeden tydzie\u0144. Po tym terminie zam\u00f3wienie zostanie anulowane.<\/li>\n<\/ul>\n<p><strong>IV. Formy p\u0142atno\u015bci i koszty dostawy<\/strong><\/p>\n<p>W sklepie dost\u0119pne s\u0105 nast\u0119puj\u0105ce formy p\u0142atno\u015bci:<\/p>\n<ul>\n<li>za pobraniem, przedp\u0142ata przelewem<\/li>\n<\/ul>\n<p>Koszt wysy\u0142ki pokrywa Kupuj\u0105cy.<\/p>\n<ul>\n<li>Mo\u017cliwy jest odbi\u00f3r osobisty za 0 z\u0142 po wcze\u015bniejszym uzgodnieniu terminu odbioru.<\/li>\n<li>Odbioru osobistego nale\u017cy dokona\u0107 w ci\u0105gu 5 dni licz\u0105c od ustalonego terminu realizacji\/odbioru zam\u00f3wienia. W przypadku nie odebrania towaru do tego czasu zam\u00f3wienie zostaje anulowane.<\/li>\n<li>Dostawy realizowane s\u0105 za po\u015brednictwem firmy kurierskiej lub transportem w\u0142asnym. Podczas odbioru przesy\u0142ki kupuj\u0105cy zobowi\u0105zany jest do dok\u0142adnego sprawdzenia czy przesy\u0142ka nie posiada uszkodze\u0144 powsta\u0142ych podczas transportu lub nie budzi zastrze\u017ce\u0144. W przypadku, gdy opakowanie przesy\u0142ki nosi znamiona uszkodzenia nale\u017cy nie przyjmowa\u0107 przesy\u0142ki i w obecno\u015bci kuriera sporz\u0105dzi\u0107 protok\u00f3\u0142 szkody oraz skontaktowa\u0107 si\u0119 jak najszybciej ze sprzedawc\u0105 w celu wyja\u015bnienia sprawy. Sprawdzenie przesy\u0142ki jest istotnym warunkiem uwzgl\u0119dnienia ewentualnych roszcze\u0144 Klienta z tytu\u0142u uszkodzenia przesy\u0142ki w transporcie. W wypadku zauwa\u017cenia nieprawid\u0142owo\u015bci po odje\u017adzie kuriera, kupuj\u0105cy powinien niezw\u0142ocznie skontaktowa\u0107 si\u0119 z firm\u0105 kuriersk\u0105 w celu ponownego przyjazdu kuriera i sporz\u0105dzenia protoko\u0142u.<\/li>\n<\/ul>\n<p><strong>V. Zwroty i reklamacje<\/strong><\/p>\n<ul>\n<li>Produkty zam\u00f3wione w Sklepie mog\u0105 zosta\u0107 zwr\u00f3cone zgodnie z ustaw\u0105 z dn. 24 czerwca 2014 r. art.27 w terminie 14 dni od daty jego otrzymania bez podania przyczyny, sk\u0142adaj\u0105c sprzedawcy o\u015bwiadczenie na pi\u015bmie na adres MAR MAT STAL Mariusz Iskrzycki, Pisary 36, 57-530 Mi\u0119dzylesie. Istnieje mo\u017cliwo\u015b\u0107 przes\u0142ania o\u015bwiadczenia za po\u015brednictwem poczty elektronicznej na adres kontakt@piernikziskierka.pl.<\/li>\n<li>Wz\u00f3r formularza odst\u0105pienia od umowy dost\u0119pny jest tutaj.<\/li>\n<li>W przypadku zwrotu towaru, konieczne jest, aby towar zwracany by\u0142 w stanie w jakim znajdowa\u0142 si\u0119 w momencie sprzeda\u017cy. Jakiekolwiek uszkodzenie towaru mo\u017ce by\u0107 podstaw\u0105 odm\u00f3wienia przyj\u0119cia zwrotu.<\/li>\n<li>Reklamacji podlegaj\u0105 wady techniczne\/fizyczne lub uszkodzenia powsta\u0142e podczas dostawy. Klient powinien niezw\u0142ocznie odes\u0142a\u0107 wadliwy towar na adres Sklepu.<\/li>\n<li>W momencie zwrotu lub reklamacji, zakupione produkty nale\u017cy odes\u0142a\u0107 listem poleconym, paczk\u0105 lub kurierem starannie zapakowane i zabezpieczone, na adres Sklepu:<b> Pisary 36, 57-530 Mi\u0119zylesie<\/b>. Zniszczenie towaru zwrotnego na skutek niestarannego zapakowania spowoduje obci\u0105\u017cenie kosztami nadawc\u0119 przesy\u0142ki.<\/li>\n<li>W przypadku zwrotu towaru koszt przesy\u0142ki zwrotnej pokrywa Kupuj\u0105cy. Sprzedawca niezw\u0142ocznie zwraca wp\u0142acone pieni\u0105dze za towar i wysy\u0142k\u0119 na wskazane przez Kupuj\u0105cego konto bankowe w terminie do 14 dni od daty otrzymania towaru.<\/li>\n<li>Zwroty i reklamacje w postaci przesy\u0142ek pobraniowych nie s\u0105 przyjmowane.<\/li>\n<\/ul>\n<p><strong>VI. Prawa autorskie<\/strong><br \/>\nZabrania si\u0119 kopiowania, rozpowszechniania i u\u017cywania do cel\u00f3w handlowych oraz do prezentacji na innych stronach internetowych wszystkich informacji tekstowych, zdj\u0119\u0107 produkt\u00f3w i opracowa\u0144 graficznych, znajduj\u0105cych si\u0119 w sklepie www.piernikziskierka.pl bez zgody ich autora.<\/p>\n<p><strong>VII. Polityka prywatno\u015bci i ochrona danych osobowych<\/strong><br \/>\nDane o u\u017cytkownikach gromadzone s\u0105 wy\u0142\u0105cznie w celu zapewnienia prawid\u0142owej obs\u0142ugi u\u017cytkownik\u00f3w i nie s\u0105, oraz nigdy nie b\u0119d\u0105, udost\u0119pniane osobom trzecim. Sklep www.piernikziskierka.pl przyk\u0142ada szczeg\u00f3ln\u0105 wag\u0119 do ochrony prywatno\u015bci Klient\u00f3w. Firma Piernik z Iskierk\u0105 z nale\u017cyt\u0105 staranno\u015bci\u0105 dobiera i stosuje odpowiednie \u015brodki techniczne i organizacyjne zapewniaj\u0105ce ochron\u0119 przetwarzanych danych (uwzgl\u0119dniaj\u0105c zabezpieczenia o charakterze informatycznym) oraz zabezpiecza dane przed ich udost\u0119pnieniem osobom nieupowa\u017cnionym, jak r\u00f3wnie\u017c przed ich przetwarzaniem z naruszeniem obowi\u0105zuj\u0105cych przepis\u00f3w prawa.<\/p>\n<p><strong>Informacje dotycz\u0105ce danych osobowych<\/strong><br \/>\n1. Informujemy, \u017ce administratorem danych osobowych jest MAR MAT STAL Mariusz Iskrzycki, Pisary 36, 57-530 Mi\u0119zylesie.<br \/>\n2. Dane osobowe s\u0105 przetwarzane przez MAR MAT STAL Mariusz Iskrzycki, Pisary 36, 57-530 Mi\u0119zylesie zgodnie z przepisami RODO w celu realizacji zam\u00f3wie\u0144 oraz w razie potrzeby kontaktu zwi\u0105zanego z realizacj\u0105 zam\u00f3wie\u0144, reklamacjami i innymi czynno\u015bciami w ramach obs\u0142ugi klienta.<br \/>\n3. Prawa osoby, kt\u00f3rej dotycz\u0105 dane osobowe:<br \/>\nprawo dost\u0119pu do tre\u015bci swoich danych osobowych, czyli prawo do uzyskania potwierdzenia czy Administrator przetwarza dane oraz informacji dotycz\u0105cych takiego przetwarzania<br \/>\nprawo do sprostowania danych, je\u017celi dane przetwarzane przez Administratora s\u0105 nieprawid\u0142owe lub niekompletne,<br \/>\nprawo \u017c\u0105dania od Administratora usuni\u0119cia danych,<br \/>\nprawo \u017c\u0105dania od Administratora ograniczenia przetwarzania danych,<br \/>\nprawo do przenoszenia danych, czyli prawo do otrzymania dostarczonych Administratorowi danych osobowych oraz przes\u0142ania ich innemu administratorowi;<br \/>\nprawo wniesienia sprzeciwu wobec przetwarzania danych na podstawie uzasadnionego interesu Administratora lub wobec przetwarzania w celu marketingu bezpo\u015bredniego,<br \/>\nprawo wniesienia skargi do polskiego organu nadzorczego lub organu nadzorczego innego pa\u0144stwa cz\u0142onkowskiego Unii Europejskiej, w\u0142a\u015bciwego ze wzgl\u0119du na miejsce zwyk\u0142ego pobytu lub pracy osoby, kt\u00f3rej dane dotycz\u0105 lub ze wzgl\u0119du na miejsce domniemanego naruszenia RODO,<br \/>\nprawo do cofni\u0119cia zgody w dowolnym momencie (bez wp\u0142ywu na zgodno\u015b\u0107 z prawem przetwarzania, kt\u00f3rego dokonano na podstawie zgody przed jej cofni\u0119ciem),<br \/>\nprawo do uzyskania interwencji ludzkiej ze strony Administratora, wyra\u017cenia w\u0142asnego stanowiska i do zakwestionowania decyzji opartej na zautomatyzowanym przetwarzaniu danych.<br \/>\nPrawa wymienione w pkt 1)-6) i pkt 8)-9) powy\u017cej mo\u017cna zrealizowa\u0107 m.in. poprzez kontakt z Administratorem Danych Osobowych pisz\u0105c wiadomo\u015b\u0107 e-mail na adres kontakt@piernikziskierka.pl<\/p>\n<p><strong>VIII. Postanowienia ko\u0144cowe<\/strong><\/p>\n<ul>\n<li>Niniejszy regulamin jest cz\u0119\u015bci\u0105 tre\u015bci zawieranej przez sklep oraz zamawiaj\u0105cego klienta umowy kupna \u2013 sprzeda\u017cy. Tre\u015b\u0107 regulaminu jest dla stron obowi\u0105zuj\u0105ca zgodnie z brzmieniem z momentem z\u0142o\u017cenia przez klienta zam\u00f3wienia.<\/li>\n<li>Wszelkie spory wynik\u0142e w zwi\u0105zku z realizowaniem um\u00f3w kupna \u2013 sprzeda\u017cy mi\u0119dzy sklepem a konsumentami b\u0119d\u0105 rozstrzygane w pierwszej kolejno\u015bci na drodze negocjacji, z intencj\u0105 polubownego zako\u0144czenia sporu. Je\u015bli jednak nie by\u0142oby to mo\u017cliwe, lub te\u017c by\u0142oby niesatysfakcjonuj\u0105ce dla kt\u00f3rejkolwiek ze stron, wszelkie spory b\u0119d\u0105 rozstrzygane przez s\u0105d powszechny w\u0142a\u015bciwy dla siedziby Sprzedawcy lub miejsca zamieszkania Kupuj\u0105cego.<\/li>\n<\/ul>\n<\/div><\/div><style type=\"text\/css\">.fusion-body .fusion-builder-column-0{width:100% !important;margin-top : 0px;margin-bottom : 20px;}.fusion-builder-column-0 > .fusion-column-wrapper {padding-top : 0px !important;padding-right : 0px !important;margin-right : 1.92%;padding-bottom : 0px !important;padding-left : 0px !important;margin-left : 1.92%;}@media only screen and (max-width:1024px) {.fusion-body .fusion-builder-column-0{width:100% !important;order : 0;}.fusion-builder-column-0 > .fusion-column-wrapper {margin-right : 1.92%;margin-left : 1.92%;}}@media only screen and (max-width:640px) {.fusion-body .fusion-builder-column-0{width:100% !important;order : 0;}.fusion-builder-column-0 > .fusion-column-wrapper {margin-right : 1.92%;margin-left : 1.92%;}}<\/style><\/div><\/div><style type=\"text\/css\">.fusion-body .fusion-flex-container.fusion-builder-row-1{ padding-top : 0px;margin-top : 0px;padding-right : 0px;padding-bottom : 0px;margin-bottom : 0px;padding-left : 0px;}<\/style><\/div>","protected":false},"excerpt":{"rendered":"","protected":false},"author":1,"featured_media":0,"parent":0,"menu_order":0,"comment_status":"closed","ping_status":"closed","template":"","meta":{"footnotes":""},"class_list":["post-202","page","type-page","status-publish","hentry"],"yoast_head":"<!-- This site is optimized with the Yoast SEO plugin v21.5 - https:\/\/yoast.com\/wordpress\/plugins\/seo\/ -->\n<title>Regulamin - Piernik z Iskierk\u0105 - R\u0119cznie wykonane pierniki<\/title>\n<meta name=\"robots\" content=\"index, follow, max-snippet:-1, max-image-preview:large, max-video-preview:-1\" \/>\n<link rel=\"canonical\" href=\"https:\/\/piernikziskierka.pl\/en\/regulamin\/\" \/>\n<meta property=\"og:locale\" content=\"en_GB\" \/>\n<meta property=\"og:type\" content=\"article\" \/>\n<meta property=\"og:title\" content=\"Regulamin - Piernik z Iskierk\u0105 - R\u0119cznie wykonane pierniki\" \/>\n<meta property=\"og:url\" content=\"https:\/\/piernikziskierka.pl\/en\/regulamin\/\" \/>\n<meta property=\"og:site_name\" content=\"Piernik z Iskierk\u0105 - R\u0119cznie wykonane pierniki\" \/>\n<meta property=\"article:modified_time\" content=\"2021-03-09T14:24:02+00:00\" \/>\n<meta name=\"twitter:card\" content=\"summary_large_image\" \/>\n<meta name=\"twitter:label1\" content=\"Estimated reading time\" \/>\n\t<meta name=\"twitter:data1\" content=\"11 minutes\" \/>\n<script type=\"application\/ld+json\" class=\"yoast-schema-graph\">{\"@context\":\"https:\/\/schema.org\",\"@graph\":[{\"@type\":\"WebPage\",\"@id\":\"https:\/\/piernikziskierka.pl\/regulamin\/\",\"url\":\"https:\/\/piernikziskierka.pl\/regulamin\/\",\"name\":\"Regulamin - Piernik z Iskierk\u0105 - R\u0119cznie wykonane pierniki\",\"isPartOf\":{\"@id\":\"https:\/\/piernikziskierka.pl\/#website\"},\"datePublished\":\"2021-03-06T07:18:57+00:00\",\"dateModified\":\"2021-03-09T14:24:02+00:00\",\"breadcrumb\":{\"@id\":\"https:\/\/piernikziskierka.pl\/regulamin\/#breadcrumb\"},\"inLanguage\":\"en-GB\",\"potentialAction\":[{\"@type\":\"ReadAction\",\"target\":[\"https:\/\/piernikziskierka.pl\/regulamin\/\"]}]},{\"@type\":\"BreadcrumbList\",\"@id\":\"https:\/\/piernikziskierka.pl\/regulamin\/#breadcrumb\",\"itemListElement\":[{\"@type\":\"ListItem\",\"position\":1,\"name\":\"Strona g\u0142\u00f3wna\",\"item\":\"https:\/\/piernikziskierka.pl\/\"},{\"@type\":\"ListItem\",\"position\":2,\"name\":\"Regulamin\"}]},{\"@type\":\"WebSite\",\"@id\":\"https:\/\/piernikziskierka.pl\/#website\",\"url\":\"https:\/\/piernikziskierka.pl\/\",\"name\":\"Piernik z Iskierk\u0105 - R\u0119cznie wykonane pierniki\",\"description\":\"Sklep internetowy z r\u0119cznie wykonanymi piernikami\",\"potentialAction\":[{\"@type\":\"SearchAction\",\"target\":{\"@type\":\"EntryPoint\",\"urlTemplate\":\"https:\/\/piernikziskierka.pl\/?s={search_term_string}\"},\"query-input\":\"required name=search_term_string\"}],\"inLanguage\":\"en-GB\"}]}<\/script>\n<!-- \/ Yoast SEO plugin. -->","yoast_head_json":{"title":"Regulamin - Piernik z Iskierk\u0105 - R\u0119cznie wykonane pierniki","robots":{"index":"index","follow":"follow","max-snippet":"max-snippet:-1","max-image-preview":"max-image-preview:large","max-video-preview":"max-video-preview:-1"},"canonical":"https:\/\/piernikziskierka.pl\/en\/regulamin\/","og_locale":"en_GB","og_type":"article","og_title":"Regulamin - Piernik z Iskierk\u0105 - R\u0119cznie wykonane pierniki","og_url":"https:\/\/piernikziskierka.pl\/en\/regulamin\/","og_site_name":"Piernik z Iskierk\u0105 - R\u0119cznie wykonane pierniki","article_modified_time":"2021-03-09T14:24:02+00:00","twitter_card":"summary_large_image","twitter_misc":{"Estimated reading time":"11 minutes"},"schema":{"@context":"https:\/\/schema.org","@graph":[{"@type":"WebPage","@id":"https:\/\/piernikziskierka.pl\/regulamin\/","url":"https:\/\/piernikziskierka.pl\/regulamin\/","name":"Regulamin - Piernik z Iskierk\u0105 - R\u0119cznie wykonane pierniki","isPartOf":{"@id":"https:\/\/piernikziskierka.pl\/#website"},"datePublished":"2021-03-06T07:18:57+00:00","dateModified":"2021-03-09T14:24:02+00:00","breadcrumb":{"@id":"https:\/\/piernikziskierka.pl\/regulamin\/#breadcrumb"},"inLanguage":"en-GB","potentialAction":[{"@type":"ReadAction","target":["https:\/\/piernikziskierka.pl\/regulamin\/"]}]},{"@type":"BreadcrumbList","@id":"https:\/\/piernikziskierka.pl\/regulamin\/#breadcrumb","itemListElement":[{"@type":"ListItem","position":1,"name":"Strona g\u0142\u00f3wna","item":"https:\/\/piernikziskierka.pl\/"},{"@type":"ListItem","position":2,"name":"Regulamin"}]},{"@type":"WebSite","@id":"https:\/\/piernikziskierka.pl\/#website","url":"https:\/\/piernikziskierka.pl\/","name":"Piernik z Iskierk\u0105 - R\u0119cznie wykonane pierniki","description":"Sklep internetowy z r\u0119cznie wykonanymi piernikami","potentialAction":[{"@type":"SearchAction","target":{"@type":"EntryPoint","urlTemplate":"https:\/\/piernikziskierka.pl\/?s={search_term_string}"},"query-input":"required name=search_term_string"}],"inLanguage":"en-GB"}]}},"_links":{"self":[{"href":"https:\/\/piernikziskierka.pl\/en\/wp-json\/wp\/v2\/pages\/202","targetHints":{"allow":["GET"]}}],"collection":[{"href":"https:\/\/piernikziskierka.pl\/en\/wp-json\/wp\/v2\/pages"}],"about":[{"href":"https:\/\/piernikziskierka.pl\/en\/wp-json\/wp\/v2\/types\/page"}],"author":[{"embeddable":true,"href":"https:\/\/piernikziskierka.pl\/en\/wp-json\/wp\/v2\/users\/1"}],"replies":[{"embeddable":true,"href":"https:\/\/piernikziskierka.pl\/en\/wp-json\/wp\/v2\/comments?post=202"}],"version-history":[{"count":4,"href":"https:\/\/piernikziskierka.pl\/en\/wp-json\/wp\/v2\/pages\/202\/revisions"}],"predecessor-version":[{"id":242,"href":"https:\/\/piernikziskierka.pl\/en\/wp-json\/wp\/v2\/pages\/202\/revisions\/242"}],"wp:attachment":[{"href":"https:\/\/piernikziskierka.pl\/en\/wp-json\/wp\/v2\/media?parent=202"}],"curies":[{"name":"wp","href":"https:\/\/api.w.org\/{rel}","templated":true}]}}