{"id":204,"date":"2021-03-06T08:21:12","date_gmt":"2021-03-06T07:21:12","guid":{"rendered":"https:\/\/piernikziskierka.pl\/?page_id=204"},"modified":"2021-03-07T03:25:30","modified_gmt":"2021-03-07T02:25:30","slug":"polityka-prywatnosci","status":"publish","type":"page","link":"https:\/\/piernikziskierka.pl\/en\/polityka-prywatnosci\/","title":{"rendered":"Privacy Policy"},"content":{"rendered":"<div class=\"fusion-fullwidth fullwidth-box fusion-builder-row-1 fusion-flex-container nonhundred-percent-fullwidth non-hundred-percent-height-scrolling\" style=\"background-color: rgba(255,255,255,0);background-position: center center;background-repeat: no-repeat;border-width: 0px 0px 0px 0px;border-color:#e2e2e2;border-style:solid;\" ><div class=\"fusion-builder-row fusion-row fusion-flex-align-items-flex-start\" style=\"max-width:1248px;margin-left: calc(-4% \/ 2 );margin-right: calc(-4% \/ 2 );\"><div class=\"fusion-layout-column fusion_builder_column fusion-builder-column-0 fusion_builder_column_1_1 1_1 fusion-flex-column\"><div class=\"fusion-column-wrapper fusion-flex-justify-content-flex-start fusion-content-layout-column\" style=\"background-position:left top;background-repeat:no-repeat;-webkit-background-size:cover;-moz-background-size:cover;-o-background-size:cover;background-size:cover;padding: 0px 0px 0px 0px;\"><style type=\"text\/css\">@media only screen and (max-width:1024px) {.fusion-title.fusion-title-1{margin-top:10px!important; margin-right:0px!important;margin-bottom:15px!important;margin-left:0px!important;}}@media only screen and (max-width:640px) {.fusion-title.fusion-title-1{margin-top:10px!important; margin-right:0px!important;margin-bottom:10px!important; margin-left:0px!important;}}<\/style><div class=\"fusion-title title fusion-title-1 fusion-sep-none fusion-title-center fusion-title-text fusion-title-size-two\" style=\"margin-top:10px;margin-right:0px;margin-bottom:15px;margin-left:0px;\"><h2 class=\"title-heading-center fusion-responsive-typography-calculated\" style=\"margin:0;--fontSize:40;line-height:1.2;\">Privacy Policy<\/h2><\/div><div class=\"fusion-text fusion-text-1\"><p>Polityka COOKIES<br \/>\n1. Sklep nie zbiera w spos\u00f3b automatyczny \u017cadnych informacji, z wyj\u0105tkiem informacji zawartych w plikach cookies.<br \/>\n2. Pliki cookies (tak zwane \u201eciasteczka\u201d) stanowi\u0105 dane informatyczne, w szczeg\u00f3lno\u015bci pliki tekstowe, kt\u00f3re przechowywane s\u0105 w urz\u0105dzeniu ko\u0144cowym U\u017cytkownika Sklepu i przeznaczone s\u0105 do korzystania ze stron internetowych Sklepu. Cookies zazwyczaj zawieraj\u0105 nazw\u0119 strony internetowej, z kt\u00f3rej pochodz\u0105, czas przechowywania ich na urz\u0105dzeniu ko\u0144cowym oraz unikalny numer.<br \/>\n3. Podmiotem zamieszczaj\u0105cym na urz\u0105dzeniu ko\u0144cowym U\u017cytkownika Sklepu pliki cookies oraz uzyskuj\u0105cym do nich dost\u0119p jest operator Sklepu.<br \/>\n4. Pliki cookies wykorzystywane s\u0105 w celu:<br \/>\n\u25e6 dostosowania zawarto\u015bci stron internetowych Sklepu do preferencji U\u017cytkownika oraz optymalizacji korzystania ze stron internetowych; w szczeg\u00f3lno\u015bci pliki te pozwalaj\u0105 rozpozna\u0107 urz\u0105dzenie U\u017cytkownika Sklepu i odpowiednio wy\u015bwietli\u0107 stron\u0119 internetow\u0105, dostosowan\u0105 do jego indywidualnych potrzeb;<br \/>\n\u25e6 tworzenia statystyk, kt\u00f3re pomagaj\u0105 zrozumie\u0107, w jaki spos\u00f3b U\u017cytkownicy Sklepu korzystaj\u0105 ze stron internetowych, co umo\u017cliwia ulepszanie ich struktury i zawarto\u015bci;<br \/>\n5. W ramach Sklepu stosowane s\u0105 dwa zasadnicze rodzaje plik\u00f3w cookies: \u201esesyjne\u201d (session cookies) oraz \u201esta\u0142e\u201d (persistent cookies). Cookies \u201esesyjne\u201d s\u0105 plikami tymczasowymi, kt\u00f3re przechowywane s\u0105 w urz\u0105dzeniu ko\u0144cowym U\u017cytkownika do czasu opuszczenia strony internetowej lub wy\u0142\u0105czenia oprogramowania (przegl\u0105darki internetowej). \u201eSta\u0142e\u201d pliki cookies przechowywane s\u0105 w urz\u0105dzeniu ko\u0144cowym U\u017cytkownika przez czas okre\u015blony w parametrach plik\u00f3w cookies lub do czasu ich usuni\u0119cia przez U\u017cytkownika.<br \/>\n6. W ramach Sklepu stosowane s\u0105 nast\u0119puj\u0105ce rodzaje plik\u00f3w cookies:<br \/>\n\u25e6 \u201eniezb\u0119dne\u201d pliki cookies, umo\u017cliwiaj\u0105ce korzystanie z us\u0142ug dost\u0119pnych w ramach Sklepu, np. uwierzytelniaj\u0105ce pliki cookies wykorzystywane do us\u0142ug wymagaj\u0105cych uwierzytelniania w ramach Sklepu;<br \/>\n\u25e6 pliki cookies s\u0142u\u017c\u0105ce do zapewnienia bezpiecze\u0144stwa, na przyk\u0142ad wykorzystywane do wykrywania nadu\u017cy\u0107 w zakresie uwierzytelniania w ramach Sklepu;<br \/>\n\u25e6 \u201ewydajno\u015bciowe\u201d pliki cookies, umo\u017cliwiaj\u0105ce zbieranie informacji o sposobie korzystania ze stron internetowych Sklepu;<br \/>\n\u25e6 \u201efunkcjonalne\u201d pliki cookies, umo\u017cliwiaj\u0105ce \u201ezapami\u0119tanie\u201d wybranych przez U\u017cytkownika ustawie\u0144 i personalizacj\u0119 interfejsu U\u017cytkownika, np. w zakresie wybranego j\u0119zyka lub regionu, z kt\u00f3rego pochodzi U\u017cytkownik, rozmiaru czcionki, wygl\u0105du strony internetowej itp.;<br \/>\n\u25e6 \u201ereklamowe\u201d pliki cookies, umo\u017cliwiaj\u0105ce dostarczanie U\u017cytkownikom tre\u015bci reklamowych bardziej dostosowanych do ich zainteresowa\u0144.<br \/>\n7. W wielu przypadkach oprogramowanie s\u0142u\u017c\u0105ce do przegl\u0105dania stron internetowych (przegl\u0105darka internetowa) domy\u015blnie dopuszcza przechowywanie plik\u00f3w cookies w urz\u0105dzeniu ko\u0144cowym U\u017cytkownika. U\u017cytkownicy Sklepu mog\u0105 dokona\u0107 w ka\u017cdym czasie zmiany ustawie\u0144 dotycz\u0105cych plik\u00f3w cookies. Ustawienia te mog\u0105 zosta\u0107 zmienione w szczeg\u00f3lno\u015bci w taki spos\u00f3b, aby blokowa\u0107 automatyczn\u0105 obs\u0142ug\u0119 plik\u00f3w cookies w ustawieniach przegl\u0105darki internetowej b\u0105d\u017a informowa\u0107 o ich ka\u017cdorazowym zamieszczeniu w urz\u0105dzeniu U\u017cytkownika Sklepu. Szczeg\u00f3\u0142owe informacje o mo\u017cliwo\u015bci i sposobach obs\u0142ugi plik\u00f3w cookies dost\u0119pne s\u0105 w ustawieniach oprogramowania (przegl\u0105darki internetowej).<br \/>\n8. Operator Sklepu informuje, \u017ce ograniczenia stosowania plik\u00f3w cookies mog\u0105 wp\u0142yn\u0105\u0107 na niekt\u00f3re funkcjonalno\u015bci dost\u0119pne na stronach internetowych Sklepu.<br \/>\n9. Pliki cookies zamieszczane w urz\u0105dzeniu ko\u0144cowym U\u017cytkownika Sklepu i wykorzystywane mog\u0105 by\u0107 r\u00f3wnie\u017c przez wsp\u00f3\u0142pracuj\u0105cych z operatorem Sklepu reklamodawc\u00f3w oraz partner\u00f3w.<br \/>\n10. Wi\u0119cej informacji na temat plik\u00f3w cookies dost\u0119pnych jest pod adresem\u00a0www.wszystkoociasteczkach.pl\u00a0lub w sekcji \u201ePomoc\u201d w menu przegl\u0105darki internetowej.<\/p>\n<\/div><\/div><style type=\"text\/css\">.fusion-body .fusion-builder-column-0{width:100% !important;margin-top : 0px;margin-bottom : 20px;}.fusion-builder-column-0 > .fusion-column-wrapper {padding-top : 0px !important;padding-right : 0px !important;margin-right : 1.92%;padding-bottom : 0px !important;padding-left : 0px !important;margin-left : 1.92%;}@media only screen and (max-width:1024px) {.fusion-body .fusion-builder-column-0{width:100% !important;order : 0;}.fusion-builder-column-0 > .fusion-column-wrapper {margin-right : 1.92%;margin-left : 1.92%;}}@media only screen and (max-width:640px) {.fusion-body .fusion-builder-column-0{width:100% !important;order : 0;}.fusion-builder-column-0 > .fusion-column-wrapper {margin-right : 1.92%;margin-left : 1.92%;}}<\/style><\/div><\/div><style type=\"text\/css\">.fusion-body .fusion-flex-container.fusion-builder-row-1{ padding-top : 0px;margin-top : 0px;padding-right : 0px;padding-bottom : 0px;margin-bottom : 0px;padding-left : 0px;}<\/style><\/div>","protected":false},"excerpt":{"rendered":"","protected":false},"author":1,"featured_media":0,"parent":0,"menu_order":0,"comment_status":"closed","ping_status":"closed","template":"","meta":{"footnotes":""},"class_list":["post-204","page","type-page","status-publish","hentry"],"yoast_head":"<!-- This site is optimized with the Yoast SEO plugin v21.5 - https:\/\/yoast.com\/wordpress\/plugins\/seo\/ -->\n<title>Polityka Prywatno\u015bci - Piernik z Iskierk\u0105 - R\u0119cznie wykonane pierniki<\/title>\n<meta name=\"robots\" content=\"index, follow, max-snippet:-1, max-image-preview:large, max-video-preview:-1\" \/>\n<link rel=\"canonical\" href=\"https:\/\/piernikziskierka.pl\/en\/polityka-prywatnosci\/\" \/>\n<meta property=\"og:locale\" content=\"en_GB\" \/>\n<meta property=\"og:type\" content=\"article\" \/>\n<meta property=\"og:title\" content=\"Polityka Prywatno\u015bci - Piernik z Iskierk\u0105 - R\u0119cznie wykonane pierniki\" \/>\n<meta property=\"og:url\" content=\"https:\/\/piernikziskierka.pl\/en\/polityka-prywatnosci\/\" \/>\n<meta property=\"og:site_name\" content=\"Piernik z Iskierk\u0105 - R\u0119cznie wykonane pierniki\" \/>\n<meta property=\"article:modified_time\" content=\"2021-03-07T02:25:30+00:00\" \/>\n<meta name=\"twitter:card\" content=\"summary_large_image\" \/>\n<meta name=\"twitter:label1\" content=\"Estimated reading time\" \/>\n\t<meta name=\"twitter:data1\" content=\"2 minutes\" \/>\n<script type=\"application\/ld+json\" class=\"yoast-schema-graph\">{\"@context\":\"https:\/\/schema.org\",\"@graph\":[{\"@type\":\"WebPage\",\"@id\":\"https:\/\/piernikziskierka.pl\/polityka-prywatnosci\/\",\"url\":\"https:\/\/piernikziskierka.pl\/polityka-prywatnosci\/\",\"name\":\"Polityka Prywatno\u015bci - Piernik z Iskierk\u0105 - R\u0119cznie wykonane pierniki\",\"isPartOf\":{\"@id\":\"https:\/\/piernikziskierka.pl\/#website\"},\"datePublished\":\"2021-03-06T07:21:12+00:00\",\"dateModified\":\"2021-03-07T02:25:30+00:00\",\"breadcrumb\":{\"@id\":\"https:\/\/piernikziskierka.pl\/polityka-prywatnosci\/#breadcrumb\"},\"inLanguage\":\"en-GB\",\"potentialAction\":[{\"@type\":\"ReadAction\",\"target\":[\"https:\/\/piernikziskierka.pl\/polityka-prywatnosci\/\"]}]},{\"@type\":\"BreadcrumbList\",\"@id\":\"https:\/\/piernikziskierka.pl\/polityka-prywatnosci\/#breadcrumb\",\"itemListElement\":[{\"@type\":\"ListItem\",\"position\":1,\"name\":\"Strona g\u0142\u00f3wna\",\"item\":\"https:\/\/piernikziskierka.pl\/\"},{\"@type\":\"ListItem\",\"position\":2,\"name\":\"Polityka Prywatno\u015bci\"}]},{\"@type\":\"WebSite\",\"@id\":\"https:\/\/piernikziskierka.pl\/#website\",\"url\":\"https:\/\/piernikziskierka.pl\/\",\"name\":\"Piernik z Iskierk\u0105 - R\u0119cznie wykonane pierniki\",\"description\":\"Sklep internetowy z r\u0119cznie wykonanymi piernikami\",\"potentialAction\":[{\"@type\":\"SearchAction\",\"target\":{\"@type\":\"EntryPoint\",\"urlTemplate\":\"https:\/\/piernikziskierka.pl\/?s={search_term_string}\"},\"query-input\":\"required name=search_term_string\"}],\"inLanguage\":\"en-GB\"}]}<\/script>\n<!-- \/ Yoast SEO plugin. -->","yoast_head_json":{"title":"Polityka Prywatno\u015bci - Piernik z Iskierk\u0105 - R\u0119cznie wykonane pierniki","robots":{"index":"index","follow":"follow","max-snippet":"max-snippet:-1","max-image-preview":"max-image-preview:large","max-video-preview":"max-video-preview:-1"},"canonical":"https:\/\/piernikziskierka.pl\/en\/polityka-prywatnosci\/","og_locale":"en_GB","og_type":"article","og_title":"Polityka Prywatno\u015bci - Piernik z Iskierk\u0105 - R\u0119cznie wykonane pierniki","og_url":"https:\/\/piernikziskierka.pl\/en\/polityka-prywatnosci\/","og_site_name":"Piernik z Iskierk\u0105 - R\u0119cznie wykonane pierniki","article_modified_time":"2021-03-07T02:25:30+00:00","twitter_card":"summary_large_image","twitter_misc":{"Estimated reading time":"2 minutes"},"schema":{"@context":"https:\/\/schema.org","@graph":[{"@type":"WebPage","@id":"https:\/\/piernikziskierka.pl\/polityka-prywatnosci\/","url":"https:\/\/piernikziskierka.pl\/polityka-prywatnosci\/","name":"Polityka Prywatno\u015bci - Piernik z Iskierk\u0105 - R\u0119cznie wykonane pierniki","isPartOf":{"@id":"https:\/\/piernikziskierka.pl\/#website"},"datePublished":"2021-03-06T07:21:12+00:00","dateModified":"2021-03-07T02:25:30+00:00","breadcrumb":{"@id":"https:\/\/piernikziskierka.pl\/polityka-prywatnosci\/#breadcrumb"},"inLanguage":"en-GB","potentialAction":[{"@type":"ReadAction","target":["https:\/\/piernikziskierka.pl\/polityka-prywatnosci\/"]}]},{"@type":"BreadcrumbList","@id":"https:\/\/piernikziskierka.pl\/polityka-prywatnosci\/#breadcrumb","itemListElement":[{"@type":"ListItem","position":1,"name":"Strona g\u0142\u00f3wna","item":"https:\/\/piernikziskierka.pl\/"},{"@type":"ListItem","position":2,"name":"Polityka Prywatno\u015bci"}]},{"@type":"WebSite","@id":"https:\/\/piernikziskierka.pl\/#website","url":"https:\/\/piernikziskierka.pl\/","name":"Piernik z Iskierk\u0105 - R\u0119cznie wykonane pierniki","description":"Sklep internetowy z r\u0119cznie wykonanymi piernikami","potentialAction":[{"@type":"SearchAction","target":{"@type":"EntryPoint","urlTemplate":"https:\/\/piernikziskierka.pl\/?s={search_term_string}"},"query-input":"required name=search_term_string"}],"inLanguage":"en-GB"}]}},"_links":{"self":[{"href":"https:\/\/piernikziskierka.pl\/en\/wp-json\/wp\/v2\/pages\/204","targetHints":{"allow":["GET"]}}],"collection":[{"href":"https:\/\/piernikziskierka.pl\/en\/wp-json\/wp\/v2\/pages"}],"about":[{"href":"https:\/\/piernikziskierka.pl\/en\/wp-json\/wp\/v2\/types\/page"}],"author":[{"embeddable":true,"href":"https:\/\/piernikziskierka.pl\/en\/wp-json\/wp\/v2\/users\/1"}],"replies":[{"embeddable":true,"href":"https:\/\/piernikziskierka.pl\/en\/wp-json\/wp\/v2\/comments?post=204"}],"version-history":[{"count":3,"href":"https:\/\/piernikziskierka.pl\/en\/wp-json\/wp\/v2\/pages\/204\/revisions"}],"predecessor-version":[{"id":217,"href":"https:\/\/piernikziskierka.pl\/en\/wp-json\/wp\/v2\/pages\/204\/revisions\/217"}],"wp:attachment":[{"href":"https:\/\/piernikziskierka.pl\/en\/wp-json\/wp\/v2\/media?parent=204"}],"curies":[{"name":"wp","href":"https:\/\/api.w.org\/{rel}","templated":true}]}}