{"id":1129,"date":"2022-10-22T14:30:29","date_gmt":"2022-10-22T12:30:29","guid":{"rendered":"https:\/\/piernikziskierka.pl\/?post_type=product&#038;p=1129"},"modified":"2025-12-30T17:25:29","modified_gmt":"2025-12-30T16:25:29","slug":"piernik-swiateczny-mikolajek","status":"publish","type":"product","link":"https:\/\/piernikziskierka.pl\/en\/product\/piernik-swiateczny-mikolajek\/","title":{"rendered":"Piernik \u015awi\u0105teczny Miko\u0142ajek"},"content":{"rendered":"<p><strong><span style=\"color: #8c4b23;\">Piernik \u015awi\u0105teczny Miko\u0142ajek<\/span><\/strong><\/p>\n<p>Sk\u0142ad: m\u0105ka, cukier, jaja, mi\u00f3d, przyprawa korzenna, margaryna kakao, soda.<\/p>\n<p>Malowane r\u0119cznie zapakowane w woreczek celofanowy.<\/p>\n<p>\u017badne s\u0142odycze nie symbolizuj\u0105 \u015bwi\u0105t Bo\u017cego Narodzenia tak jak pierniki lukrowane. Dlatego i tym razem nie mo\u017ce zabrakn\u0105\u0107, na Twoim stole lub choince pi\u0119knych pierniczk\u00f3w. R\u0119cznie wykonanych. Na bazie prawdziwego miodu z pobliskich pasiek. Starannie dopracowane w najmniejszym detalu. Udekorowane, ka\u017cde z osobna, niepowtarzalny wygl\u0105d. Idealne na prezent, wystr\u00f3j, dekoracje.<\/p>\n<p>\u015awi\u0119ta Bo\u017cego narodzenia zapraszamy do zapoznania si\u0119 z ca\u0142\u0105 ofert\u0105:<\/p>\n<p><a href=\"https:\/\/piernikziskierka.pl\/en\/kategoria\/boze-narodzenie\/\">https:\/\/piernikziskierka.pl\/kategoria\/boze-narodzenie\/<\/a><\/p>\n<p>Piernik jadalny.<\/p>\n<p>Czas Realizacji: 2-7 dni roboczych<\/p>","protected":false},"excerpt":{"rendered":"<p>Miko\u0142aj (8cm)<\/p>\n<p>Podana cena za sztuk\u0119.<\/p>","protected":false},"featured_media":3897,"template":"","meta":[],"product_cat":[24],"product_tag":[],"class_list":{"0":"post-1129","1":"product","2":"type-product","3":"status-publish","4":"has-post-thumbnail","6":"product_cat-boze-narodzenie","8":"first","9":"instock","10":"sale","11":"shipping-taxable","12":"purchasable","13":"product-type-simple"},"yoast_head":"<!-- This site is optimized with the Yoast SEO plugin v21.5 - https:\/\/yoast.com\/wordpress\/plugins\/seo\/ -->\n<title>Piernik \u015awi\u0105teczny Miko\u0142ajek<\/title>\n<meta name=\"description\" content=\"Zapraszamy do zapoznania si\u0119 z nasz\u0105 ofert\u0105 &quot;Piernik \u015awi\u0105teczny Miko\u0142ajek&quot;. R\u0119cznie wykonane idealnie oddaj\u0105 magi\u0119 \u015bwi\u0105t. Zam\u00f3w ju\u017c teraz.\" \/>\n<meta name=\"robots\" content=\"index, follow, max-snippet:-1, max-image-preview:large, max-video-preview:-1\" \/>\n<link rel=\"canonical\" href=\"https:\/\/piernikziskierka.pl\/en\/product\/piernik-swiateczny-mikolajek\/\" \/>\n<meta property=\"og:locale\" content=\"en_GB\" \/>\n<meta property=\"og:type\" content=\"article\" \/>\n<meta property=\"og:title\" content=\"Piernik \u015awi\u0105teczny Miko\u0142ajek\" \/>\n<meta property=\"og:description\" content=\"Zapraszamy do zapoznania si\u0119 z nasz\u0105 ofert\u0105 &quot;Piernik \u015awi\u0105teczny Miko\u0142ajek&quot;. R\u0119cznie wykonane idealnie oddaj\u0105 magi\u0119 \u015bwi\u0105t. Zam\u00f3w ju\u017c teraz.\" \/>\n<meta property=\"og:url\" content=\"https:\/\/piernikziskierka.pl\/en\/product\/piernik-swiateczny-mikolajek\/\" \/>\n<meta property=\"og:site_name\" content=\"Piernik z Iskierk\u0105 - R\u0119cznie wykonane pierniki\" \/>\n<meta property=\"article:modified_time\" content=\"2025-12-30T16:25:29+00:00\" \/>\n<meta property=\"og:image\" content=\"https:\/\/piernikziskierka.pl\/wp-content\/uploads\/2025\/12\/20251211_160406-scaled.jpg\" \/>\n\t<meta property=\"og:image:width\" content=\"1920\" \/>\n\t<meta property=\"og:image:height\" content=\"2560\" \/>\n\t<meta property=\"og:image:type\" content=\"image\/jpeg\" \/>\n<meta name=\"twitter:card\" content=\"summary_large_image\" \/>\n<meta name=\"twitter:label1\" content=\"Estimated reading time\" \/>\n\t<meta name=\"twitter:data1\" content=\"1 minute\" \/>\n<script type=\"application\/ld+json\" class=\"yoast-schema-graph\">{\"@context\":\"https:\/\/schema.org\",\"@graph\":[{\"@type\":\"WebPage\",\"@id\":\"https:\/\/piernikziskierka.pl\/produkt\/piernik-swiateczny-mikolajek\/\",\"url\":\"https:\/\/piernikziskierka.pl\/produkt\/piernik-swiateczny-mikolajek\/\",\"name\":\"Piernik \u015awi\u0105teczny Miko\u0142ajek\",\"isPartOf\":{\"@id\":\"https:\/\/piernikziskierka.pl\/#website\"},\"datePublished\":\"2022-10-22T12:30:29+00:00\",\"dateModified\":\"2025-12-30T16:25:29+00:00\",\"description\":\"Zapraszamy do zapoznania si\u0119 z nasz\u0105 ofert\u0105 \\\"Piernik \u015awi\u0105teczny Miko\u0142ajek\\\". R\u0119cznie wykonane idealnie oddaj\u0105 magi\u0119 \u015bwi\u0105t. Zam\u00f3w ju\u017c teraz.\",\"breadcrumb\":{\"@id\":\"https:\/\/piernikziskierka.pl\/produkt\/piernik-swiateczny-mikolajek\/#breadcrumb\"},\"inLanguage\":\"en-GB\",\"potentialAction\":[{\"@type\":\"ReadAction\",\"target\":[\"https:\/\/piernikziskierka.pl\/produkt\/piernik-swiateczny-mikolajek\/\"]}]},{\"@type\":\"BreadcrumbList\",\"@id\":\"https:\/\/piernikziskierka.pl\/produkt\/piernik-swiateczny-mikolajek\/#breadcrumb\",\"itemListElement\":[{\"@type\":\"ListItem\",\"position\":1,\"name\":\"Strona g\u0142\u00f3wna\",\"item\":\"https:\/\/piernikziskierka.pl\/\"},{\"@type\":\"ListItem\",\"position\":2,\"name\":\"Sklep\",\"item\":\"https:\/\/piernikziskierka.pl\/sklep\/\"},{\"@type\":\"ListItem\",\"position\":3,\"name\":\"Piernik \u015awi\u0105teczny Miko\u0142ajek\"}]},{\"@type\":\"WebSite\",\"@id\":\"https:\/\/piernikziskierka.pl\/#website\",\"url\":\"https:\/\/piernikziskierka.pl\/\",\"name\":\"Piernik z Iskierk\u0105 - R\u0119cznie wykonane pierniki\",\"description\":\"Sklep internetowy z r\u0119cznie wykonanymi piernikami\",\"potentialAction\":[{\"@type\":\"SearchAction\",\"target\":{\"@type\":\"EntryPoint\",\"urlTemplate\":\"https:\/\/piernikziskierka.pl\/?s={search_term_string}\"},\"query-input\":\"required name=search_term_string\"}],\"inLanguage\":\"en-GB\"}]}<\/script>\n<!-- \/ Yoast SEO plugin. -->","yoast_head_json":{"title":"Piernik \u015awi\u0105teczny Miko\u0142ajek","description":"Zapraszamy do zapoznania si\u0119 z nasz\u0105 ofert\u0105 \"Piernik \u015awi\u0105teczny Miko\u0142ajek\". R\u0119cznie wykonane idealnie oddaj\u0105 magi\u0119 \u015bwi\u0105t. Zam\u00f3w ju\u017c teraz.","robots":{"index":"index","follow":"follow","max-snippet":"max-snippet:-1","max-image-preview":"max-image-preview:large","max-video-preview":"max-video-preview:-1"},"canonical":"https:\/\/piernikziskierka.pl\/en\/product\/piernik-swiateczny-mikolajek\/","og_locale":"en_GB","og_type":"article","og_title":"Piernik \u015awi\u0105teczny Miko\u0142ajek","og_description":"Zapraszamy do zapoznania si\u0119 z nasz\u0105 ofert\u0105 \"Piernik \u015awi\u0105teczny Miko\u0142ajek\". R\u0119cznie wykonane idealnie oddaj\u0105 magi\u0119 \u015bwi\u0105t. Zam\u00f3w ju\u017c teraz.","og_url":"https:\/\/piernikziskierka.pl\/en\/product\/piernik-swiateczny-mikolajek\/","og_site_name":"Piernik z Iskierk\u0105 - R\u0119cznie wykonane pierniki","article_modified_time":"2025-12-30T16:25:29+00:00","og_image":[{"width":1920,"height":2560,"url":"https:\/\/piernikziskierka.pl\/wp-content\/uploads\/2025\/12\/20251211_160406-scaled.jpg","type":"image\/jpeg"}],"twitter_card":"summary_large_image","twitter_misc":{"Estimated reading time":"1 minute"},"schema":{"@context":"https:\/\/schema.org","@graph":[{"@type":"WebPage","@id":"https:\/\/piernikziskierka.pl\/produkt\/piernik-swiateczny-mikolajek\/","url":"https:\/\/piernikziskierka.pl\/produkt\/piernik-swiateczny-mikolajek\/","name":"Piernik \u015awi\u0105teczny Miko\u0142ajek","isPartOf":{"@id":"https:\/\/piernikziskierka.pl\/#website"},"datePublished":"2022-10-22T12:30:29+00:00","dateModified":"2025-12-30T16:25:29+00:00","description":"Zapraszamy do zapoznania si\u0119 z nasz\u0105 ofert\u0105 \"Piernik \u015awi\u0105teczny Miko\u0142ajek\". R\u0119cznie wykonane idealnie oddaj\u0105 magi\u0119 \u015bwi\u0105t. Zam\u00f3w ju\u017c teraz.","breadcrumb":{"@id":"https:\/\/piernikziskierka.pl\/produkt\/piernik-swiateczny-mikolajek\/#breadcrumb"},"inLanguage":"en-GB","potentialAction":[{"@type":"ReadAction","target":["https:\/\/piernikziskierka.pl\/produkt\/piernik-swiateczny-mikolajek\/"]}]},{"@type":"BreadcrumbList","@id":"https:\/\/piernikziskierka.pl\/produkt\/piernik-swiateczny-mikolajek\/#breadcrumb","itemListElement":[{"@type":"ListItem","position":1,"name":"Strona g\u0142\u00f3wna","item":"https:\/\/piernikziskierka.pl\/"},{"@type":"ListItem","position":2,"name":"Sklep","item":"https:\/\/piernikziskierka.pl\/sklep\/"},{"@type":"ListItem","position":3,"name":"Piernik \u015awi\u0105teczny Miko\u0142ajek"}]},{"@type":"WebSite","@id":"https:\/\/piernikziskierka.pl\/#website","url":"https:\/\/piernikziskierka.pl\/","name":"Piernik z Iskierk\u0105 - R\u0119cznie wykonane pierniki","description":"Sklep internetowy z r\u0119cznie wykonanymi piernikami","potentialAction":[{"@type":"SearchAction","target":{"@type":"EntryPoint","urlTemplate":"https:\/\/piernikziskierka.pl\/?s={search_term_string}"},"query-input":"required name=search_term_string"}],"inLanguage":"en-GB"}]}},"_links":{"self":[{"href":"https:\/\/piernikziskierka.pl\/en\/wp-json\/wp\/v2\/product\/1129","targetHints":{"allow":["GET"]}}],"collection":[{"href":"https:\/\/piernikziskierka.pl\/en\/wp-json\/wp\/v2\/product"}],"about":[{"href":"https:\/\/piernikziskierka.pl\/en\/wp-json\/wp\/v2\/types\/product"}],"wp:featuredmedia":[{"embeddable":true,"href":"https:\/\/piernikziskierka.pl\/en\/wp-json\/wp\/v2\/media\/3897"}],"wp:attachment":[{"href":"https:\/\/piernikziskierka.pl\/en\/wp-json\/wp\/v2\/media?parent=1129"}],"wp:term":[{"taxonomy":"product_cat","embeddable":true,"href":"https:\/\/piernikziskierka.pl\/en\/wp-json\/wp\/v2\/product_cat?post=1129"},{"taxonomy":"product_tag","embeddable":true,"href":"https:\/\/piernikziskierka.pl\/en\/wp-json\/wp\/v2\/product_tag?post=1129"}],"curies":[{"name":"wp","href":"https:\/\/api.w.org\/{rel}","templated":true}]}}