{"id":1398,"date":"2023-03-18T07:29:29","date_gmt":"2023-03-18T06:29:29","guid":{"rendered":"https:\/\/piernikziskierka.pl\/?post_type=product&#038;p=1398"},"modified":"2026-03-21T19:08:28","modified_gmt":"2026-03-21T18:08:28","slug":"pierniki-wielkanocne-zestaw-z-zajaczkiem","status":"publish","type":"product","link":"https:\/\/piernikziskierka.pl\/en\/product\/pierniki-wielkanocne-zestaw-z-zajaczkiem\/","title":{"rendered":"Pierniki Wielkanocne Zestaw z Zaj\u0105czkiem"},"content":{"rendered":"<p>Pierniki Wielkanocne Zestaw z Zaj\u0105czkiem<\/p>\n<p>Sk\u0142ad: m\u0105ka, cukier, jaja, mi\u00f3d, przyprawa korzenna, margaryna kakao, soda.<\/p>\n<p>Zapakowany w woreczek celofanowy.<\/p>\n<p>A mo\u017ce dla odmiany na wielkanocnym stole sprawdzi si\u0119 piernik lukrowany? R\u0119cznie wykonany. Na bazie prawdziwego miodu z pobliskich pasiek. Starannie dopracowane w najmniejszym detalu. Udekorowane, ka\u017cde z osobna, niepowtarzalny wygl\u0105d. Idealne na prezent, wystr\u00f3j, dekoracje.<\/p>\n<p><strong>Piernik jadalny.<\/strong><\/p>\n<p>Czas Realizacji: 2-7 dni roboczych<\/p>","protected":false},"excerpt":{"rendered":"<p>Zaj\u0105czek (9cm), motylek (8cm), kwiatki (6cm), jajka (5cm)<\/p>","protected":false},"featured_media":4216,"template":"","meta":[],"product_cat":[21],"product_tag":[],"class_list":{"0":"post-1398","1":"product","2":"type-product","3":"status-publish","4":"has-post-thumbnail","6":"product_cat-wielkanoc","8":"first","9":"instock","10":"shipping-taxable","11":"purchasable","12":"product-type-simple"},"yoast_head":"<!-- This site is optimized with the Yoast SEO plugin v21.5 - https:\/\/yoast.com\/wordpress\/plugins\/seo\/ -->\n<title>Pierniki Wielkanocne Zestaw z Zaj\u0105czkiem - Piernik z Iskierk\u0105 - R\u0119cznie wykonane pierniki<\/title>\n<meta name=\"robots\" content=\"index, follow, max-snippet:-1, max-image-preview:large, max-video-preview:-1\" \/>\n<link rel=\"canonical\" href=\"https:\/\/piernikziskierka.pl\/en\/product\/pierniki-wielkanocne-zestaw-z-zajaczkiem\/\" \/>\n<meta property=\"og:locale\" content=\"en_GB\" \/>\n<meta property=\"og:type\" content=\"article\" \/>\n<meta property=\"og:title\" content=\"Pierniki Wielkanocne Zestaw z Zaj\u0105czkiem - Piernik z Iskierk\u0105 - R\u0119cznie wykonane pierniki\" \/>\n<meta property=\"og:description\" content=\"Zaj\u0105czek (9cm), motylek (8cm), kwiatki (6cm), jajka (5cm)\" \/>\n<meta property=\"og:url\" content=\"https:\/\/piernikziskierka.pl\/en\/product\/pierniki-wielkanocne-zestaw-z-zajaczkiem\/\" \/>\n<meta property=\"og:site_name\" content=\"Piernik z Iskierk\u0105 - R\u0119cznie wykonane pierniki\" \/>\n<meta property=\"article:modified_time\" content=\"2026-03-21T18:08:28+00:00\" \/>\n<meta property=\"og:image\" content=\"https:\/\/piernikziskierka.pl\/wp-content\/uploads\/2026\/02\/Gemini_Generated_Image_ulmixhulmixhulmi.jpg\" \/>\n\t<meta property=\"og:image:width\" content=\"1125\" \/>\n\t<meta property=\"og:image:height\" content=\"1500\" \/>\n\t<meta property=\"og:image:type\" content=\"image\/jpeg\" \/>\n<meta name=\"twitter:card\" content=\"summary_large_image\" \/>\n<meta name=\"twitter:label1\" content=\"Estimated reading time\" \/>\n\t<meta name=\"twitter:data1\" content=\"1 minute\" \/>\n<script type=\"application\/ld+json\" class=\"yoast-schema-graph\">{\"@context\":\"https:\/\/schema.org\",\"@graph\":[{\"@type\":\"WebPage\",\"@id\":\"https:\/\/piernikziskierka.pl\/produkt\/pierniki-wielkanocne-zestaw-z-zajaczkiem\/\",\"url\":\"https:\/\/piernikziskierka.pl\/produkt\/pierniki-wielkanocne-zestaw-z-zajaczkiem\/\",\"name\":\"Pierniki Wielkanocne Zestaw z Zaj\u0105czkiem - Piernik z Iskierk\u0105 - R\u0119cznie wykonane pierniki\",\"isPartOf\":{\"@id\":\"https:\/\/piernikziskierka.pl\/#website\"},\"datePublished\":\"2023-03-18T06:29:29+00:00\",\"dateModified\":\"2026-03-21T18:08:28+00:00\",\"breadcrumb\":{\"@id\":\"https:\/\/piernikziskierka.pl\/produkt\/pierniki-wielkanocne-zestaw-z-zajaczkiem\/#breadcrumb\"},\"inLanguage\":\"en-GB\",\"potentialAction\":[{\"@type\":\"ReadAction\",\"target\":[\"https:\/\/piernikziskierka.pl\/produkt\/pierniki-wielkanocne-zestaw-z-zajaczkiem\/\"]}]},{\"@type\":\"BreadcrumbList\",\"@id\":\"https:\/\/piernikziskierka.pl\/produkt\/pierniki-wielkanocne-zestaw-z-zajaczkiem\/#breadcrumb\",\"itemListElement\":[{\"@type\":\"ListItem\",\"position\":1,\"name\":\"Strona g\u0142\u00f3wna\",\"item\":\"https:\/\/piernikziskierka.pl\/\"},{\"@type\":\"ListItem\",\"position\":2,\"name\":\"Sklep\",\"item\":\"https:\/\/piernikziskierka.pl\/sklep\/\"},{\"@type\":\"ListItem\",\"position\":3,\"name\":\"Pierniki Wielkanocne Zestaw z Zaj\u0105czkiem\"}]},{\"@type\":\"WebSite\",\"@id\":\"https:\/\/piernikziskierka.pl\/#website\",\"url\":\"https:\/\/piernikziskierka.pl\/\",\"name\":\"Piernik z Iskierk\u0105 - R\u0119cznie wykonane pierniki\",\"description\":\"Sklep internetowy z r\u0119cznie wykonanymi piernikami\",\"potentialAction\":[{\"@type\":\"SearchAction\",\"target\":{\"@type\":\"EntryPoint\",\"urlTemplate\":\"https:\/\/piernikziskierka.pl\/?s={search_term_string}\"},\"query-input\":\"required name=search_term_string\"}],\"inLanguage\":\"en-GB\"}]}<\/script>\n<!-- \/ Yoast SEO plugin. -->","yoast_head_json":{"title":"Pierniki Wielkanocne Zestaw z Zaj\u0105czkiem - Piernik z Iskierk\u0105 - R\u0119cznie wykonane pierniki","robots":{"index":"index","follow":"follow","max-snippet":"max-snippet:-1","max-image-preview":"max-image-preview:large","max-video-preview":"max-video-preview:-1"},"canonical":"https:\/\/piernikziskierka.pl\/en\/product\/pierniki-wielkanocne-zestaw-z-zajaczkiem\/","og_locale":"en_GB","og_type":"article","og_title":"Pierniki Wielkanocne Zestaw z Zaj\u0105czkiem - Piernik z Iskierk\u0105 - R\u0119cznie wykonane pierniki","og_description":"Zaj\u0105czek (9cm), motylek (8cm), kwiatki (6cm), jajka (5cm)","og_url":"https:\/\/piernikziskierka.pl\/en\/product\/pierniki-wielkanocne-zestaw-z-zajaczkiem\/","og_site_name":"Piernik z Iskierk\u0105 - R\u0119cznie wykonane pierniki","article_modified_time":"2026-03-21T18:08:28+00:00","og_image":[{"width":1125,"height":1500,"url":"https:\/\/piernikziskierka.pl\/wp-content\/uploads\/2026\/02\/Gemini_Generated_Image_ulmixhulmixhulmi.jpg","type":"image\/jpeg"}],"twitter_card":"summary_large_image","twitter_misc":{"Estimated reading time":"1 minute"},"schema":{"@context":"https:\/\/schema.org","@graph":[{"@type":"WebPage","@id":"https:\/\/piernikziskierka.pl\/produkt\/pierniki-wielkanocne-zestaw-z-zajaczkiem\/","url":"https:\/\/piernikziskierka.pl\/produkt\/pierniki-wielkanocne-zestaw-z-zajaczkiem\/","name":"Pierniki Wielkanocne Zestaw z Zaj\u0105czkiem - Piernik z Iskierk\u0105 - R\u0119cznie wykonane pierniki","isPartOf":{"@id":"https:\/\/piernikziskierka.pl\/#website"},"datePublished":"2023-03-18T06:29:29+00:00","dateModified":"2026-03-21T18:08:28+00:00","breadcrumb":{"@id":"https:\/\/piernikziskierka.pl\/produkt\/pierniki-wielkanocne-zestaw-z-zajaczkiem\/#breadcrumb"},"inLanguage":"en-GB","potentialAction":[{"@type":"ReadAction","target":["https:\/\/piernikziskierka.pl\/produkt\/pierniki-wielkanocne-zestaw-z-zajaczkiem\/"]}]},{"@type":"BreadcrumbList","@id":"https:\/\/piernikziskierka.pl\/produkt\/pierniki-wielkanocne-zestaw-z-zajaczkiem\/#breadcrumb","itemListElement":[{"@type":"ListItem","position":1,"name":"Strona g\u0142\u00f3wna","item":"https:\/\/piernikziskierka.pl\/"},{"@type":"ListItem","position":2,"name":"Sklep","item":"https:\/\/piernikziskierka.pl\/sklep\/"},{"@type":"ListItem","position":3,"name":"Pierniki Wielkanocne Zestaw z Zaj\u0105czkiem"}]},{"@type":"WebSite","@id":"https:\/\/piernikziskierka.pl\/#website","url":"https:\/\/piernikziskierka.pl\/","name":"Piernik z Iskierk\u0105 - R\u0119cznie wykonane pierniki","description":"Sklep internetowy z r\u0119cznie wykonanymi piernikami","potentialAction":[{"@type":"SearchAction","target":{"@type":"EntryPoint","urlTemplate":"https:\/\/piernikziskierka.pl\/?s={search_term_string}"},"query-input":"required name=search_term_string"}],"inLanguage":"en-GB"}]}},"_links":{"self":[{"href":"https:\/\/piernikziskierka.pl\/en\/wp-json\/wp\/v2\/product\/1398","targetHints":{"allow":["GET"]}}],"collection":[{"href":"https:\/\/piernikziskierka.pl\/en\/wp-json\/wp\/v2\/product"}],"about":[{"href":"https:\/\/piernikziskierka.pl\/en\/wp-json\/wp\/v2\/types\/product"}],"wp:featuredmedia":[{"embeddable":true,"href":"https:\/\/piernikziskierka.pl\/en\/wp-json\/wp\/v2\/media\/4216"}],"wp:attachment":[{"href":"https:\/\/piernikziskierka.pl\/en\/wp-json\/wp\/v2\/media?parent=1398"}],"wp:term":[{"taxonomy":"product_cat","embeddable":true,"href":"https:\/\/piernikziskierka.pl\/en\/wp-json\/wp\/v2\/product_cat?post=1398"},{"taxonomy":"product_tag","embeddable":true,"href":"https:\/\/piernikziskierka.pl\/en\/wp-json\/wp\/v2\/product_tag?post=1398"}],"curies":[{"name":"wp","href":"https:\/\/api.w.org\/{rel}","templated":true}]}}