{"id":2276,"date":"2024-05-14T15:16:36","date_gmt":"2024-05-14T13:16:36","guid":{"rendered":"https:\/\/piernikziskierka.pl\/?post_type=product&#038;p=2276"},"modified":"2026-02-26T19:14:22","modified_gmt":"2026-02-26T18:14:22","slug":"pierniki-dzien-mamy-mis-kwiaty-brzoskwiniowy","status":"publish","type":"product","link":"https:\/\/piernikziskierka.pl\/en\/product\/pierniki-dzien-mamy-mis-kwiaty-brzoskwiniowy\/","title":{"rendered":"Pierniki Dzie\u0144 Mamy &#8211; Mi\u015b Kwiaty Brzoskwiniowy"},"content":{"rendered":"<p>Pierniki Dzie\u0144 Mamy &#8211; Mi\u015b Kwiaty Brzoskwiniowy<\/p>\n<p>Sk\u0142ad: m\u0105ka, cukier, jaja, mi\u00f3d, przyprawa korzenna, margaryna kakao, soda.<\/p>\n<p>Zapakowane w pude\u0142ko z kokardk\u0105.<\/p>\n<p>Nie wiesz czym obdarowa\u0107 swoj\u0105 drug\u0105 po\u0142\u00f3wk\u0119? Mo\u017ce w\u0142a\u015bnie piernik z iskierk\u0105 b\u0119dzie strza\u0142em w dziesi\u0105tk\u0119. R\u0119cznie wykonany. Na bazie prawdziwego miodu z pobliskich pasiek. Starannie dopracowane w najmniejszym detalu. Udekorowane, ka\u017cde z osobna niepowtarzalny wygl\u0105d. Idealne na prezent, wystr\u00f3j, dekoracje.<\/p>\n<p>Piernik jadalny.<\/p>\n<p>Czas Realizacji: 2-7 dni roboczych<\/p>","protected":false},"excerpt":{"rendered":"<p>Mi\u015b z kwiatami (12cm) Plakietka (9cm)<\/p>","protected":false},"featured_media":4268,"template":"","meta":[],"product_cat":[26,30],"product_tag":[],"class_list":{"0":"post-2276","1":"product","2":"type-product","3":"status-publish","4":"has-post-thumbnail","6":"product_cat-dzien-kobiet-matki","7":"product_cat-okazjonalne","9":"first","10":"instock","11":"shipping-taxable","12":"purchasable","13":"product-type-simple"},"yoast_head":"<!-- This site is optimized with the Yoast SEO plugin v21.5 - https:\/\/yoast.com\/wordpress\/plugins\/seo\/ -->\n<title>Pierniki Dzie\u0144 Mamy - Mi\u015b Kwiaty Brzoskwiniowy - Piernik z Iskierk\u0105 - R\u0119cznie wykonane pierniki<\/title>\n<meta name=\"robots\" content=\"index, follow, max-snippet:-1, max-image-preview:large, max-video-preview:-1\" \/>\n<link rel=\"canonical\" href=\"https:\/\/piernikziskierka.pl\/en\/product\/pierniki-dzien-mamy-mis-kwiaty-brzoskwiniowy\/\" \/>\n<meta property=\"og:locale\" content=\"en_GB\" \/>\n<meta property=\"og:type\" content=\"article\" \/>\n<meta property=\"og:title\" content=\"Pierniki Dzie\u0144 Mamy - Mi\u015b Kwiaty Brzoskwiniowy - Piernik z Iskierk\u0105 - R\u0119cznie wykonane pierniki\" \/>\n<meta property=\"og:description\" content=\"Mi\u015b z kwiatami (12cm) Plakietka (9cm)\" \/>\n<meta property=\"og:url\" content=\"https:\/\/piernikziskierka.pl\/en\/product\/pierniki-dzien-mamy-mis-kwiaty-brzoskwiniowy\/\" \/>\n<meta property=\"og:site_name\" content=\"Piernik z Iskierk\u0105 - R\u0119cznie wykonane pierniki\" \/>\n<meta property=\"article:modified_time\" content=\"2026-02-26T18:14:22+00:00\" \/>\n<meta property=\"og:image\" content=\"https:\/\/piernikziskierka.pl\/wp-content\/uploads\/2026\/02\/20260225_080411-2-1.jpg\" \/>\n\t<meta property=\"og:image:width\" content=\"1125\" \/>\n\t<meta property=\"og:image:height\" content=\"1500\" \/>\n\t<meta property=\"og:image:type\" content=\"image\/jpeg\" \/>\n<meta name=\"twitter:card\" content=\"summary_large_image\" \/>\n<meta name=\"twitter:label1\" content=\"Estimated reading time\" \/>\n\t<meta name=\"twitter:data1\" content=\"1 minute\" \/>\n<script type=\"application\/ld+json\" class=\"yoast-schema-graph\">{\"@context\":\"https:\/\/schema.org\",\"@graph\":[{\"@type\":\"WebPage\",\"@id\":\"https:\/\/piernikziskierka.pl\/produkt\/pierniki-dzien-mamy-mis-kwiaty-brzoskwiniowy\/\",\"url\":\"https:\/\/piernikziskierka.pl\/produkt\/pierniki-dzien-mamy-mis-kwiaty-brzoskwiniowy\/\",\"name\":\"Pierniki Dzie\u0144 Mamy - Mi\u015b Kwiaty Brzoskwiniowy - Piernik z Iskierk\u0105 - R\u0119cznie wykonane pierniki\",\"isPartOf\":{\"@id\":\"https:\/\/piernikziskierka.pl\/#website\"},\"datePublished\":\"2024-05-14T13:16:36+00:00\",\"dateModified\":\"2026-02-26T18:14:22+00:00\",\"breadcrumb\":{\"@id\":\"https:\/\/piernikziskierka.pl\/produkt\/pierniki-dzien-mamy-mis-kwiaty-brzoskwiniowy\/#breadcrumb\"},\"inLanguage\":\"en-GB\",\"potentialAction\":[{\"@type\":\"ReadAction\",\"target\":[\"https:\/\/piernikziskierka.pl\/produkt\/pierniki-dzien-mamy-mis-kwiaty-brzoskwiniowy\/\"]}]},{\"@type\":\"BreadcrumbList\",\"@id\":\"https:\/\/piernikziskierka.pl\/produkt\/pierniki-dzien-mamy-mis-kwiaty-brzoskwiniowy\/#breadcrumb\",\"itemListElement\":[{\"@type\":\"ListItem\",\"position\":1,\"name\":\"Strona g\u0142\u00f3wna\",\"item\":\"https:\/\/piernikziskierka.pl\/\"},{\"@type\":\"ListItem\",\"position\":2,\"name\":\"Sklep\",\"item\":\"https:\/\/piernikziskierka.pl\/sklep\/\"},{\"@type\":\"ListItem\",\"position\":3,\"name\":\"Pierniki Dzie\u0144 Mamy &#8211; Mi\u015b Kwiaty Brzoskwiniowy\"}]},{\"@type\":\"WebSite\",\"@id\":\"https:\/\/piernikziskierka.pl\/#website\",\"url\":\"https:\/\/piernikziskierka.pl\/\",\"name\":\"Piernik z Iskierk\u0105 - R\u0119cznie wykonane pierniki\",\"description\":\"Sklep internetowy z r\u0119cznie wykonanymi piernikami\",\"potentialAction\":[{\"@type\":\"SearchAction\",\"target\":{\"@type\":\"EntryPoint\",\"urlTemplate\":\"https:\/\/piernikziskierka.pl\/?s={search_term_string}\"},\"query-input\":\"required name=search_term_string\"}],\"inLanguage\":\"en-GB\"}]}<\/script>\n<!-- \/ Yoast SEO plugin. -->","yoast_head_json":{"title":"Pierniki Dzie\u0144 Mamy - Mi\u015b Kwiaty Brzoskwiniowy - Piernik z Iskierk\u0105 - R\u0119cznie wykonane pierniki","robots":{"index":"index","follow":"follow","max-snippet":"max-snippet:-1","max-image-preview":"max-image-preview:large","max-video-preview":"max-video-preview:-1"},"canonical":"https:\/\/piernikziskierka.pl\/en\/product\/pierniki-dzien-mamy-mis-kwiaty-brzoskwiniowy\/","og_locale":"en_GB","og_type":"article","og_title":"Pierniki Dzie\u0144 Mamy - Mi\u015b Kwiaty Brzoskwiniowy - Piernik z Iskierk\u0105 - R\u0119cznie wykonane pierniki","og_description":"Mi\u015b z kwiatami (12cm) Plakietka (9cm)","og_url":"https:\/\/piernikziskierka.pl\/en\/product\/pierniki-dzien-mamy-mis-kwiaty-brzoskwiniowy\/","og_site_name":"Piernik z Iskierk\u0105 - R\u0119cznie wykonane pierniki","article_modified_time":"2026-02-26T18:14:22+00:00","og_image":[{"width":1125,"height":1500,"url":"https:\/\/piernikziskierka.pl\/wp-content\/uploads\/2026\/02\/20260225_080411-2-1.jpg","type":"image\/jpeg"}],"twitter_card":"summary_large_image","twitter_misc":{"Estimated reading time":"1 minute"},"schema":{"@context":"https:\/\/schema.org","@graph":[{"@type":"WebPage","@id":"https:\/\/piernikziskierka.pl\/produkt\/pierniki-dzien-mamy-mis-kwiaty-brzoskwiniowy\/","url":"https:\/\/piernikziskierka.pl\/produkt\/pierniki-dzien-mamy-mis-kwiaty-brzoskwiniowy\/","name":"Pierniki Dzie\u0144 Mamy - Mi\u015b Kwiaty Brzoskwiniowy - Piernik z Iskierk\u0105 - R\u0119cznie wykonane pierniki","isPartOf":{"@id":"https:\/\/piernikziskierka.pl\/#website"},"datePublished":"2024-05-14T13:16:36+00:00","dateModified":"2026-02-26T18:14:22+00:00","breadcrumb":{"@id":"https:\/\/piernikziskierka.pl\/produkt\/pierniki-dzien-mamy-mis-kwiaty-brzoskwiniowy\/#breadcrumb"},"inLanguage":"en-GB","potentialAction":[{"@type":"ReadAction","target":["https:\/\/piernikziskierka.pl\/produkt\/pierniki-dzien-mamy-mis-kwiaty-brzoskwiniowy\/"]}]},{"@type":"BreadcrumbList","@id":"https:\/\/piernikziskierka.pl\/produkt\/pierniki-dzien-mamy-mis-kwiaty-brzoskwiniowy\/#breadcrumb","itemListElement":[{"@type":"ListItem","position":1,"name":"Strona g\u0142\u00f3wna","item":"https:\/\/piernikziskierka.pl\/"},{"@type":"ListItem","position":2,"name":"Sklep","item":"https:\/\/piernikziskierka.pl\/sklep\/"},{"@type":"ListItem","position":3,"name":"Pierniki Dzie\u0144 Mamy &#8211; Mi\u015b Kwiaty Brzoskwiniowy"}]},{"@type":"WebSite","@id":"https:\/\/piernikziskierka.pl\/#website","url":"https:\/\/piernikziskierka.pl\/","name":"Piernik z Iskierk\u0105 - R\u0119cznie wykonane pierniki","description":"Sklep internetowy z r\u0119cznie wykonanymi piernikami","potentialAction":[{"@type":"SearchAction","target":{"@type":"EntryPoint","urlTemplate":"https:\/\/piernikziskierka.pl\/?s={search_term_string}"},"query-input":"required name=search_term_string"}],"inLanguage":"en-GB"}]}},"_links":{"self":[{"href":"https:\/\/piernikziskierka.pl\/en\/wp-json\/wp\/v2\/product\/2276","targetHints":{"allow":["GET"]}}],"collection":[{"href":"https:\/\/piernikziskierka.pl\/en\/wp-json\/wp\/v2\/product"}],"about":[{"href":"https:\/\/piernikziskierka.pl\/en\/wp-json\/wp\/v2\/types\/product"}],"wp:featuredmedia":[{"embeddable":true,"href":"https:\/\/piernikziskierka.pl\/en\/wp-json\/wp\/v2\/media\/4268"}],"wp:attachment":[{"href":"https:\/\/piernikziskierka.pl\/en\/wp-json\/wp\/v2\/media?parent=2276"}],"wp:term":[{"taxonomy":"product_cat","embeddable":true,"href":"https:\/\/piernikziskierka.pl\/en\/wp-json\/wp\/v2\/product_cat?post=2276"},{"taxonomy":"product_tag","embeddable":true,"href":"https:\/\/piernikziskierka.pl\/en\/wp-json\/wp\/v2\/product_tag?post=2276"}],"curies":[{"name":"wp","href":"https:\/\/api.w.org\/{rel}","templated":true}]}}