{"id":2521,"date":"2024-09-09T08:14:30","date_gmt":"2024-09-09T06:14:30","guid":{"rendered":"https:\/\/piernikziskierka.pl\/?post_type=product&#038;p=2521"},"modified":"2024-09-09T08:16:48","modified_gmt":"2024-09-09T06:16:48","slug":"piernik-szkola-zakonczenie-roku-dzien-nauczyciela-06","status":"publish","type":"product","link":"https:\/\/piernikziskierka.pl\/en\/product\/piernik-szkola-zakonczenie-roku-dzien-nauczyciela-06\/","title":{"rendered":"Piernik Szko\u0142a zako\u0144czenie roku \/ dzie\u0144 nauczyciela 06"},"content":{"rendered":"<p>Sk\u0142ad: m\u0105ka, cukier, jaja, mi\u00f3d, przyprawa korzenna, margaryna kakao, soda.<\/p>\n<p>Zapakowane w pude\u0142ko z kokardk\u0105.<\/p>\n<p>A mo\u017ce zamiast kwiatka na zako\u0144czenie roku lub dzie\u0144 nauczyciela sprawdz\u0105 si\u0119 kolorowe pierniczki ? R\u0119cznie wykonany. Na bazie prawdziwego miodu z pobliskich pasiek. Starannie dopracowane w najmniejszym detalu. Udekorowane, ka\u017cde z osobna niepowtarzalny wygl\u0105d. Idealne na prezent, wystr\u00f3j, dekoracje.<\/p>\n<p>Piernik jadalny.<\/p>\n<p>Czas Realizacji: 2-7 dni roboczych<\/p>","protected":false},"excerpt":{"rendered":"<p>O\u0142\u00f3wek (9 cm) Dziewczynka (11 cm) Ko\u0142o (7 cm) Sowa (7 cm) Jab\u0142ko (7 cm)<\/p>","protected":false},"featured_media":2512,"template":"","meta":[],"product_cat":[30,37],"product_tag":[],"class_list":{"0":"post-2521","1":"product","2":"type-product","3":"status-publish","4":"has-post-thumbnail","6":"product_cat-okazjonalne","7":"product_cat-szkola","9":"first","10":"instock","11":"shipping-taxable","12":"purchasable","13":"product-type-simple"},"yoast_head":"<!-- This site is optimized with the Yoast SEO plugin v21.5 - https:\/\/yoast.com\/wordpress\/plugins\/seo\/ -->\n<title>Piernik Szko\u0142a zako\u0144czenie roku \/ dzie\u0144 nauczyciela 06 - Piernik z Iskierk\u0105 - R\u0119cznie wykonane pierniki<\/title>\n<meta name=\"description\" content=\"Piernik Szko\u0142a zako\u0144czenie roku \/ dzie\u0144 nauczyciela. Idealne na prezent z okazji zako\u0144czenia roku szkolnego lub dnia nauczyciela.\" \/>\n<meta name=\"robots\" content=\"index, follow, max-snippet:-1, max-image-preview:large, max-video-preview:-1\" \/>\n<link rel=\"canonical\" href=\"https:\/\/piernikziskierka.pl\/en\/product\/piernik-szkola-zakonczenie-roku-dzien-nauczyciela-06\/\" \/>\n<meta property=\"og:locale\" content=\"en_GB\" \/>\n<meta property=\"og:type\" content=\"article\" \/>\n<meta property=\"og:title\" content=\"Piernik Szko\u0142a zako\u0144czenie roku \/ dzie\u0144 nauczyciela 06 - Piernik z Iskierk\u0105 - R\u0119cznie wykonane pierniki\" \/>\n<meta property=\"og:description\" content=\"Piernik Szko\u0142a zako\u0144czenie roku \/ dzie\u0144 nauczyciela. Idealne na prezent z okazji zako\u0144czenia roku szkolnego lub dnia nauczyciela.\" \/>\n<meta property=\"og:url\" content=\"https:\/\/piernikziskierka.pl\/en\/product\/piernik-szkola-zakonczenie-roku-dzien-nauczyciela-06\/\" \/>\n<meta property=\"og:site_name\" content=\"Piernik z Iskierk\u0105 - R\u0119cznie wykonane pierniki\" \/>\n<meta property=\"article:modified_time\" content=\"2024-09-09T06:16:48+00:00\" \/>\n<meta property=\"og:image\" content=\"https:\/\/piernikziskierka.pl\/wp-content\/uploads\/2024\/09\/IMG_20240907_142935.jpg\" \/>\n\t<meta property=\"og:image:width\" content=\"1125\" \/>\n\t<meta property=\"og:image:height\" content=\"1500\" \/>\n\t<meta property=\"og:image:type\" content=\"image\/jpeg\" \/>\n<meta name=\"twitter:card\" content=\"summary_large_image\" \/>\n<meta name=\"twitter:label1\" content=\"Estimated reading time\" \/>\n\t<meta name=\"twitter:data1\" content=\"1 minute\" \/>\n<script type=\"application\/ld+json\" class=\"yoast-schema-graph\">{\"@context\":\"https:\/\/schema.org\",\"@graph\":[{\"@type\":\"WebPage\",\"@id\":\"https:\/\/piernikziskierka.pl\/produkt\/piernik-szkola-zakonczenie-roku-dzien-nauczyciela-06\/\",\"url\":\"https:\/\/piernikziskierka.pl\/produkt\/piernik-szkola-zakonczenie-roku-dzien-nauczyciela-06\/\",\"name\":\"Piernik Szko\u0142a zako\u0144czenie roku \/ dzie\u0144 nauczyciela 06 - Piernik z Iskierk\u0105 - R\u0119cznie wykonane pierniki\",\"isPartOf\":{\"@id\":\"https:\/\/piernikziskierka.pl\/#website\"},\"datePublished\":\"2024-09-09T06:14:30+00:00\",\"dateModified\":\"2024-09-09T06:16:48+00:00\",\"description\":\"Piernik Szko\u0142a zako\u0144czenie roku \/ dzie\u0144 nauczyciela. Idealne na prezent z okazji zako\u0144czenia roku szkolnego lub dnia nauczyciela.\",\"breadcrumb\":{\"@id\":\"https:\/\/piernikziskierka.pl\/produkt\/piernik-szkola-zakonczenie-roku-dzien-nauczyciela-06\/#breadcrumb\"},\"inLanguage\":\"en-GB\",\"potentialAction\":[{\"@type\":\"ReadAction\",\"target\":[\"https:\/\/piernikziskierka.pl\/produkt\/piernik-szkola-zakonczenie-roku-dzien-nauczyciela-06\/\"]}]},{\"@type\":\"BreadcrumbList\",\"@id\":\"https:\/\/piernikziskierka.pl\/produkt\/piernik-szkola-zakonczenie-roku-dzien-nauczyciela-06\/#breadcrumb\",\"itemListElement\":[{\"@type\":\"ListItem\",\"position\":1,\"name\":\"Strona g\u0142\u00f3wna\",\"item\":\"https:\/\/piernikziskierka.pl\/\"},{\"@type\":\"ListItem\",\"position\":2,\"name\":\"Sklep\",\"item\":\"https:\/\/piernikziskierka.pl\/sklep\/\"},{\"@type\":\"ListItem\",\"position\":3,\"name\":\"Piernik Szko\u0142a zako\u0144czenie roku \/ dzie\u0144 nauczyciela 06\"}]},{\"@type\":\"WebSite\",\"@id\":\"https:\/\/piernikziskierka.pl\/#website\",\"url\":\"https:\/\/piernikziskierka.pl\/\",\"name\":\"Piernik z Iskierk\u0105 - R\u0119cznie wykonane pierniki\",\"description\":\"Sklep internetowy z r\u0119cznie wykonanymi piernikami\",\"potentialAction\":[{\"@type\":\"SearchAction\",\"target\":{\"@type\":\"EntryPoint\",\"urlTemplate\":\"https:\/\/piernikziskierka.pl\/?s={search_term_string}\"},\"query-input\":\"required name=search_term_string\"}],\"inLanguage\":\"en-GB\"}]}<\/script>\n<!-- \/ Yoast SEO plugin. -->","yoast_head_json":{"title":"Piernik Szko\u0142a zako\u0144czenie roku \/ dzie\u0144 nauczyciela 06 - Piernik z Iskierk\u0105 - R\u0119cznie wykonane pierniki","description":"Piernik Szko\u0142a zako\u0144czenie roku \/ dzie\u0144 nauczyciela. Idealne na prezent z okazji zako\u0144czenia roku szkolnego lub dnia nauczyciela.","robots":{"index":"index","follow":"follow","max-snippet":"max-snippet:-1","max-image-preview":"max-image-preview:large","max-video-preview":"max-video-preview:-1"},"canonical":"https:\/\/piernikziskierka.pl\/en\/product\/piernik-szkola-zakonczenie-roku-dzien-nauczyciela-06\/","og_locale":"en_GB","og_type":"article","og_title":"Piernik Szko\u0142a zako\u0144czenie roku \/ dzie\u0144 nauczyciela 06 - Piernik z Iskierk\u0105 - R\u0119cznie wykonane pierniki","og_description":"Piernik Szko\u0142a zako\u0144czenie roku \/ dzie\u0144 nauczyciela. Idealne na prezent z okazji zako\u0144czenia roku szkolnego lub dnia nauczyciela.","og_url":"https:\/\/piernikziskierka.pl\/en\/product\/piernik-szkola-zakonczenie-roku-dzien-nauczyciela-06\/","og_site_name":"Piernik z Iskierk\u0105 - R\u0119cznie wykonane pierniki","article_modified_time":"2024-09-09T06:16:48+00:00","og_image":[{"width":1125,"height":1500,"url":"https:\/\/piernikziskierka.pl\/wp-content\/uploads\/2024\/09\/IMG_20240907_142935.jpg","type":"image\/jpeg"}],"twitter_card":"summary_large_image","twitter_misc":{"Estimated reading time":"1 minute"},"schema":{"@context":"https:\/\/schema.org","@graph":[{"@type":"WebPage","@id":"https:\/\/piernikziskierka.pl\/produkt\/piernik-szkola-zakonczenie-roku-dzien-nauczyciela-06\/","url":"https:\/\/piernikziskierka.pl\/produkt\/piernik-szkola-zakonczenie-roku-dzien-nauczyciela-06\/","name":"Piernik Szko\u0142a zako\u0144czenie roku \/ dzie\u0144 nauczyciela 06 - Piernik z Iskierk\u0105 - R\u0119cznie wykonane pierniki","isPartOf":{"@id":"https:\/\/piernikziskierka.pl\/#website"},"datePublished":"2024-09-09T06:14:30+00:00","dateModified":"2024-09-09T06:16:48+00:00","description":"Piernik Szko\u0142a zako\u0144czenie roku \/ dzie\u0144 nauczyciela. Idealne na prezent z okazji zako\u0144czenia roku szkolnego lub dnia nauczyciela.","breadcrumb":{"@id":"https:\/\/piernikziskierka.pl\/produkt\/piernik-szkola-zakonczenie-roku-dzien-nauczyciela-06\/#breadcrumb"},"inLanguage":"en-GB","potentialAction":[{"@type":"ReadAction","target":["https:\/\/piernikziskierka.pl\/produkt\/piernik-szkola-zakonczenie-roku-dzien-nauczyciela-06\/"]}]},{"@type":"BreadcrumbList","@id":"https:\/\/piernikziskierka.pl\/produkt\/piernik-szkola-zakonczenie-roku-dzien-nauczyciela-06\/#breadcrumb","itemListElement":[{"@type":"ListItem","position":1,"name":"Strona g\u0142\u00f3wna","item":"https:\/\/piernikziskierka.pl\/"},{"@type":"ListItem","position":2,"name":"Sklep","item":"https:\/\/piernikziskierka.pl\/sklep\/"},{"@type":"ListItem","position":3,"name":"Piernik Szko\u0142a zako\u0144czenie roku \/ dzie\u0144 nauczyciela 06"}]},{"@type":"WebSite","@id":"https:\/\/piernikziskierka.pl\/#website","url":"https:\/\/piernikziskierka.pl\/","name":"Piernik z Iskierk\u0105 - R\u0119cznie wykonane pierniki","description":"Sklep internetowy z r\u0119cznie wykonanymi piernikami","potentialAction":[{"@type":"SearchAction","target":{"@type":"EntryPoint","urlTemplate":"https:\/\/piernikziskierka.pl\/?s={search_term_string}"},"query-input":"required name=search_term_string"}],"inLanguage":"en-GB"}]}},"_links":{"self":[{"href":"https:\/\/piernikziskierka.pl\/en\/wp-json\/wp\/v2\/product\/2521","targetHints":{"allow":["GET"]}}],"collection":[{"href":"https:\/\/piernikziskierka.pl\/en\/wp-json\/wp\/v2\/product"}],"about":[{"href":"https:\/\/piernikziskierka.pl\/en\/wp-json\/wp\/v2\/types\/product"}],"wp:featuredmedia":[{"embeddable":true,"href":"https:\/\/piernikziskierka.pl\/en\/wp-json\/wp\/v2\/media\/2512"}],"wp:attachment":[{"href":"https:\/\/piernikziskierka.pl\/en\/wp-json\/wp\/v2\/media?parent=2521"}],"wp:term":[{"taxonomy":"product_cat","embeddable":true,"href":"https:\/\/piernikziskierka.pl\/en\/wp-json\/wp\/v2\/product_cat?post=2521"},{"taxonomy":"product_tag","embeddable":true,"href":"https:\/\/piernikziskierka.pl\/en\/wp-json\/wp\/v2\/product_tag?post=2521"}],"curies":[{"name":"wp","href":"https:\/\/api.w.org\/{rel}","templated":true}]}}