{"id":2704,"date":"2024-11-09T11:16:29","date_gmt":"2024-11-09T10:16:29","guid":{"rendered":"https:\/\/piernikziskierka.pl\/?post_type=product&#038;p=2704"},"modified":"2025-10-30T15:03:04","modified_gmt":"2025-10-30T14:03:04","slug":"piernik-swiateczny-skrzat-michal","status":"publish","type":"product","link":"https:\/\/piernikziskierka.pl\/en\/product\/piernik-swiateczny-skrzat-michal\/","title":{"rendered":"Piernik \u015awi\u0105teczny Skrzat Micha\u0142"},"content":{"rendered":"<p><a href=\"https:\/\/piernikziskierka.pl\/en\/product\/piernik-swiateczny-skrzat-michal\/\">Piernik \u015awi\u0105teczny Skrzat Micha\u0142<\/a><\/p>\n<p>Sk\u0142ad: m\u0105ka, cukier, jaja, mi\u00f3d, przyprawa korzenna, margaryna kakao, soda.<\/p>\n<p>Malowane r\u0119cznie zapakowane w woreczek celofanowy.<\/p>\n<p>\u017badne s\u0142odycze nie symbolizuj\u0105 \u015bwi\u0105t Bo\u017cego Narodzenia tak jak pierniki lukrowane. Dlatego i tym razem nie mo\u017ce zabrakn\u0105\u0107, na Twoim stole lub choince pi\u0119knych pierniczk\u00f3w. R\u0119cznie wykonanych. Na bazie prawdziwego miodu z pobliskich pasiek. Starannie dopracowane w najmniejszym detalu. Udekorowane, ka\u017cde z osobna, niepowtarzalny wygl\u0105d. Idealne do \u015bwi\u0105tecznej paczki, wystr\u00f3j, dekoracje.<\/p>\n<div class=\"html-div xdj266r x11i5rnm xat24cr x1mh8g0r xexx8yu x4uap5 x18d9i69 xkhd6sd\" dir=\"auto\">\n<div class=\"html-div xdj266r x11i5rnm xat24cr x1mh8g0r xexx8yu x4uap5 x18d9i69 xkhd6sd\" data-ad-rendering-role=\"story_message\">\n<div id=\":R2lataql9laillkqismhpapd5aqH2:\" class=\"x1l90r2v x1pi30zi x1swvt13 x1iorvi4\" data-ad-comet-preview=\"message\" data-ad-preview=\"message\">\n<div class=\"x78zum5 xdt5ytf xz62fqu x16ldp7u\">\n<div class=\"xu06os2 x1ok221b\">\n<div class=\"xdj266r x11i5rnm xat24cr x1mh8g0r x1vvkbs x126k92a\">\n<div dir=\"auto\">Niepowtarzalne pierniczki z motywem skrzata polecamy r\u00f3wnie\u017c:<\/div>\n<div dir=\"auto\"><a href=\"https:\/\/piernikziskierka.pl\/en\/product\/piernik-swiateczny-mikolajek\/\">Pierniczki z motywem miko\u0142aja<\/a>.<\/div>\n<div dir=\"auto\"><a href=\"https:\/\/piernikziskierka.pl\/en\/product\/piernik-swiateczny-szopka\/\">Pierniczki z motywem szopki \u015bwi\u0105tecznej<\/a>.<\/div>\n<div dir=\"auto\"><a href=\"https:\/\/piernikziskierka.pl\/en\/product\/piernik-swiateczny-bombki-z-imieniem\/\">Zawieszki na choink\u0119<\/a>.<\/div>\n<div dir=\"auto\"><\/div>\n<div dir=\"auto\">Szeroka oferta kolorowych pachn\u0105cych pierniczk\u00f3w \u015bwi\u0105tecznych, nic tak nie odda w domu magii \u015awi\u0105t Bo\u017cego Narodzenia . Udekoruj choink\u0119, przystr\u00f3j stroik, podaruj bliskim. Niech pi\u0119kny zapach rozniesie si\u0119 po Twoim domu. Wprowadzaj\u0105c Ci\u0119 w cudowny \u015bwi\u0105teczny nastr\u00f3j.<\/div>\n<div dir=\"auto\">Piernik \u015bwi\u0105teczny skrzat Micha\u0142 polecamy.<\/div>\n<\/div>\n<\/div>\n<\/div>\n<\/div>\n<\/div>\n<\/div>\n<p><strong>Piernik jadalny<\/strong>.<\/p>\n<p>Czas Realizacji: 2-7 dni roboczych<\/p>","protected":false},"excerpt":{"rendered":"<p>Skrzat 1szt (8 cm)<\/p>\n<p><strong>Podana cena skrzata za 1 szt.<\/strong><\/p>","protected":false},"featured_media":3604,"template":"","meta":[],"product_cat":[24],"product_tag":[],"class_list":{"0":"post-2704","1":"product","2":"type-product","3":"status-publish","4":"has-post-thumbnail","6":"product_cat-boze-narodzenie","8":"first","9":"instock","10":"shipping-taxable","11":"purchasable","12":"product-type-simple"},"yoast_head":"<!-- This site is optimized with the Yoast SEO plugin v21.5 - https:\/\/yoast.com\/wordpress\/plugins\/seo\/ -->\n<title>Piernik \u015awi\u0105teczny Skrzat Micha\u0142<\/title>\n<meta name=\"description\" content=\"Piernik \u015awi\u0105teczny Skrzat Micha\u0142. \u017badne s\u0142odycze nie symbolizuj\u0105 \u015bwi\u0105t Bo\u017cego Narodzenia tak jak pierniczki lukrowane. R\u0119cznie dekorowane, zapraszamy.\" \/>\n<meta name=\"robots\" content=\"index, follow, max-snippet:-1, max-image-preview:large, max-video-preview:-1\" \/>\n<link rel=\"canonical\" href=\"https:\/\/piernikziskierka.pl\/en\/product\/piernik-swiateczny-skrzat-michal\/\" \/>\n<meta property=\"og:locale\" content=\"en_GB\" \/>\n<meta property=\"og:type\" content=\"article\" \/>\n<meta property=\"og:title\" content=\"Piernik \u015awi\u0105teczny Skrzat Micha\u0142\" \/>\n<meta property=\"og:description\" content=\"Piernik \u015awi\u0105teczny Skrzat Micha\u0142. \u017badne s\u0142odycze nie symbolizuj\u0105 \u015bwi\u0105t Bo\u017cego Narodzenia tak jak pierniczki lukrowane. R\u0119cznie dekorowane, zapraszamy.\" \/>\n<meta property=\"og:url\" content=\"https:\/\/piernikziskierka.pl\/en\/product\/piernik-swiateczny-skrzat-michal\/\" \/>\n<meta property=\"og:site_name\" content=\"Piernik z Iskierk\u0105 - R\u0119cznie wykonane pierniki\" \/>\n<meta property=\"article:modified_time\" content=\"2025-10-30T14:03:04+00:00\" \/>\n<meta property=\"og:image\" content=\"https:\/\/piernikziskierka.pl\/wp-content\/uploads\/2025\/10\/IMG_20241109_105521.jpg\" \/>\n\t<meta property=\"og:image:width\" content=\"1125\" \/>\n\t<meta property=\"og:image:height\" content=\"1500\" \/>\n\t<meta property=\"og:image:type\" content=\"image\/jpeg\" \/>\n<meta name=\"twitter:card\" content=\"summary_large_image\" \/>\n<meta name=\"twitter:label1\" content=\"Estimated reading time\" \/>\n\t<meta name=\"twitter:data1\" content=\"1 minute\" \/>\n<script type=\"application\/ld+json\" class=\"yoast-schema-graph\">{\"@context\":\"https:\/\/schema.org\",\"@graph\":[{\"@type\":\"WebPage\",\"@id\":\"https:\/\/piernikziskierka.pl\/produkt\/piernik-swiateczny-skrzat-michal\/\",\"url\":\"https:\/\/piernikziskierka.pl\/produkt\/piernik-swiateczny-skrzat-michal\/\",\"name\":\"Piernik \u015awi\u0105teczny Skrzat Micha\u0142\",\"isPartOf\":{\"@id\":\"https:\/\/piernikziskierka.pl\/#website\"},\"datePublished\":\"2024-11-09T10:16:29+00:00\",\"dateModified\":\"2025-10-30T14:03:04+00:00\",\"description\":\"Piernik \u015awi\u0105teczny Skrzat Micha\u0142. \u017badne s\u0142odycze nie symbolizuj\u0105 \u015bwi\u0105t Bo\u017cego Narodzenia tak jak pierniczki lukrowane. R\u0119cznie dekorowane, zapraszamy.\",\"breadcrumb\":{\"@id\":\"https:\/\/piernikziskierka.pl\/produkt\/piernik-swiateczny-skrzat-michal\/#breadcrumb\"},\"inLanguage\":\"en-GB\",\"potentialAction\":[{\"@type\":\"ReadAction\",\"target\":[\"https:\/\/piernikziskierka.pl\/produkt\/piernik-swiateczny-skrzat-michal\/\"]}]},{\"@type\":\"BreadcrumbList\",\"@id\":\"https:\/\/piernikziskierka.pl\/produkt\/piernik-swiateczny-skrzat-michal\/#breadcrumb\",\"itemListElement\":[{\"@type\":\"ListItem\",\"position\":1,\"name\":\"Strona g\u0142\u00f3wna\",\"item\":\"https:\/\/piernikziskierka.pl\/\"},{\"@type\":\"ListItem\",\"position\":2,\"name\":\"Sklep\",\"item\":\"https:\/\/piernikziskierka.pl\/sklep\/\"},{\"@type\":\"ListItem\",\"position\":3,\"name\":\"Piernik \u015awi\u0105teczny Skrzat Micha\u0142\"}]},{\"@type\":\"WebSite\",\"@id\":\"https:\/\/piernikziskierka.pl\/#website\",\"url\":\"https:\/\/piernikziskierka.pl\/\",\"name\":\"Piernik z Iskierk\u0105 - R\u0119cznie wykonane pierniki\",\"description\":\"Sklep internetowy z r\u0119cznie wykonanymi piernikami\",\"potentialAction\":[{\"@type\":\"SearchAction\",\"target\":{\"@type\":\"EntryPoint\",\"urlTemplate\":\"https:\/\/piernikziskierka.pl\/?s={search_term_string}\"},\"query-input\":\"required name=search_term_string\"}],\"inLanguage\":\"en-GB\"}]}<\/script>\n<!-- \/ Yoast SEO plugin. -->","yoast_head_json":{"title":"Piernik \u015awi\u0105teczny Skrzat Micha\u0142","description":"Piernik \u015awi\u0105teczny Skrzat Micha\u0142. \u017badne s\u0142odycze nie symbolizuj\u0105 \u015bwi\u0105t Bo\u017cego Narodzenia tak jak pierniczki lukrowane. R\u0119cznie dekorowane, zapraszamy.","robots":{"index":"index","follow":"follow","max-snippet":"max-snippet:-1","max-image-preview":"max-image-preview:large","max-video-preview":"max-video-preview:-1"},"canonical":"https:\/\/piernikziskierka.pl\/en\/product\/piernik-swiateczny-skrzat-michal\/","og_locale":"en_GB","og_type":"article","og_title":"Piernik \u015awi\u0105teczny Skrzat Micha\u0142","og_description":"Piernik \u015awi\u0105teczny Skrzat Micha\u0142. \u017badne s\u0142odycze nie symbolizuj\u0105 \u015bwi\u0105t Bo\u017cego Narodzenia tak jak pierniczki lukrowane. R\u0119cznie dekorowane, zapraszamy.","og_url":"https:\/\/piernikziskierka.pl\/en\/product\/piernik-swiateczny-skrzat-michal\/","og_site_name":"Piernik z Iskierk\u0105 - R\u0119cznie wykonane pierniki","article_modified_time":"2025-10-30T14:03:04+00:00","og_image":[{"width":1125,"height":1500,"url":"https:\/\/piernikziskierka.pl\/wp-content\/uploads\/2025\/10\/IMG_20241109_105521.jpg","type":"image\/jpeg"}],"twitter_card":"summary_large_image","twitter_misc":{"Estimated reading time":"1 minute"},"schema":{"@context":"https:\/\/schema.org","@graph":[{"@type":"WebPage","@id":"https:\/\/piernikziskierka.pl\/produkt\/piernik-swiateczny-skrzat-michal\/","url":"https:\/\/piernikziskierka.pl\/produkt\/piernik-swiateczny-skrzat-michal\/","name":"Piernik \u015awi\u0105teczny Skrzat Micha\u0142","isPartOf":{"@id":"https:\/\/piernikziskierka.pl\/#website"},"datePublished":"2024-11-09T10:16:29+00:00","dateModified":"2025-10-30T14:03:04+00:00","description":"Piernik \u015awi\u0105teczny Skrzat Micha\u0142. \u017badne s\u0142odycze nie symbolizuj\u0105 \u015bwi\u0105t Bo\u017cego Narodzenia tak jak pierniczki lukrowane. R\u0119cznie dekorowane, zapraszamy.","breadcrumb":{"@id":"https:\/\/piernikziskierka.pl\/produkt\/piernik-swiateczny-skrzat-michal\/#breadcrumb"},"inLanguage":"en-GB","potentialAction":[{"@type":"ReadAction","target":["https:\/\/piernikziskierka.pl\/produkt\/piernik-swiateczny-skrzat-michal\/"]}]},{"@type":"BreadcrumbList","@id":"https:\/\/piernikziskierka.pl\/produkt\/piernik-swiateczny-skrzat-michal\/#breadcrumb","itemListElement":[{"@type":"ListItem","position":1,"name":"Strona g\u0142\u00f3wna","item":"https:\/\/piernikziskierka.pl\/"},{"@type":"ListItem","position":2,"name":"Sklep","item":"https:\/\/piernikziskierka.pl\/sklep\/"},{"@type":"ListItem","position":3,"name":"Piernik \u015awi\u0105teczny Skrzat Micha\u0142"}]},{"@type":"WebSite","@id":"https:\/\/piernikziskierka.pl\/#website","url":"https:\/\/piernikziskierka.pl\/","name":"Piernik z Iskierk\u0105 - R\u0119cznie wykonane pierniki","description":"Sklep internetowy z r\u0119cznie wykonanymi piernikami","potentialAction":[{"@type":"SearchAction","target":{"@type":"EntryPoint","urlTemplate":"https:\/\/piernikziskierka.pl\/?s={search_term_string}"},"query-input":"required name=search_term_string"}],"inLanguage":"en-GB"}]}},"_links":{"self":[{"href":"https:\/\/piernikziskierka.pl\/en\/wp-json\/wp\/v2\/product\/2704","targetHints":{"allow":["GET"]}}],"collection":[{"href":"https:\/\/piernikziskierka.pl\/en\/wp-json\/wp\/v2\/product"}],"about":[{"href":"https:\/\/piernikziskierka.pl\/en\/wp-json\/wp\/v2\/types\/product"}],"wp:featuredmedia":[{"embeddable":true,"href":"https:\/\/piernikziskierka.pl\/en\/wp-json\/wp\/v2\/media\/3604"}],"wp:attachment":[{"href":"https:\/\/piernikziskierka.pl\/en\/wp-json\/wp\/v2\/media?parent=2704"}],"wp:term":[{"taxonomy":"product_cat","embeddable":true,"href":"https:\/\/piernikziskierka.pl\/en\/wp-json\/wp\/v2\/product_cat?post=2704"},{"taxonomy":"product_tag","embeddable":true,"href":"https:\/\/piernikziskierka.pl\/en\/wp-json\/wp\/v2\/product_tag?post=2704"}],"curies":[{"name":"wp","href":"https:\/\/api.w.org\/{rel}","templated":true}]}}