{"id":4081,"date":"2026-01-23T22:00:03","date_gmt":"2026-01-23T21:00:03","guid":{"rendered":"https:\/\/piernikziskierka.pl\/?post_type=product&#038;p=4081"},"modified":"2026-02-16T18:04:43","modified_gmt":"2026-02-16T17:04:43","slug":"prezent-na-walentynki-serce-kotki","status":"publish","type":"product","link":"https:\/\/piernikziskierka.pl\/en\/product\/prezent-na-walentynki-serce-kotki\/","title":{"rendered":"Prezent na walentynki Serce Kotki"},"content":{"rendered":"<p>Sk\u0142ad: m\u0105ka, cukier, jaja, mi\u00f3d, przyprawa korzenna, margaryna kakao, soda.<\/p>\n<p><strong><span style=\"color: #ff0000;\">Prezent na walentynki Serce Kotki<\/span><\/strong><\/p>\n<p>Zapakowane w pude\u0142ko z kokardk\u0105..<\/p>\n<p>Nie wiesz czym obdarowa\u0107 swoj\u0105 drug\u0105 po\u0142\u00f3wk\u0119? Mo\u017ce w\u0142a\u015bnie piernik z iskierk\u0105 b\u0119dzie strza\u0142em w dziesi\u0105tk\u0119. R\u0119cznie wykonany. Na bazie prawdziwego miodu z pobliskich pasiek. Starannie dopracowane w najmniejszym detalu. Udekorowane, ka\u017cde z osobna niepowtarzalny wygl\u0105d. Idealne na prezent, wystr\u00f3j, dekoracje.<\/p>\n<p>Zach\u0119camy do zapoznania si\u0119 z szersz\u0105 ofert\u0105<span style=\"color: #ff0000;\"><strong> <a style=\"color: #ff0000;\" href=\"https:\/\/piernikziskierka.pl\/en\/kategoria\/dla-zakochanych\/\">Pierniki na Walentynki<\/a><\/strong>.<\/span><\/p>\n<p>Piernik jadalny.<\/p>\n<p>Czas Realizacji: 2-7 dni roboczych<\/p>","protected":false},"excerpt":{"rendered":"<p>Serce du\u017ce (11cm) serce male (7 cm)<\/p>","protected":false},"featured_media":4077,"template":"","meta":[],"product_cat":[28,19],"product_tag":[],"class_list":{"0":"post-4081","1":"product","2":"type-product","3":"status-publish","4":"has-post-thumbnail","6":"product_cat-dla-zakochanych","7":"product_cat-walentynki","9":"first","10":"instock","11":"shipping-taxable","12":"purchasable","13":"product-type-simple"},"yoast_head":"<!-- This site is optimized with the Yoast SEO plugin v21.5 - https:\/\/yoast.com\/wordpress\/plugins\/seo\/ -->\n<title>Prezent na walentynki Serce Kotki - Piernik z Iskierk\u0105 - R\u0119cznie wykonane pierniki<\/title>\n<meta name=\"description\" content=\"Prezent na walentynki plakietki para. Nie masz pomys\u0142u czym obdarowa\u0107 swoj\u0105 drug\u0105 po\u0142\u00f3wk\u0119. Zach\u0119camy do zakupu. Gwarancja zadowolenia.\" \/>\n<meta name=\"robots\" content=\"index, follow, max-snippet:-1, max-image-preview:large, max-video-preview:-1\" \/>\n<link rel=\"canonical\" href=\"https:\/\/piernikziskierka.pl\/en\/product\/prezent-na-walentynki-serce-kotki\/\" \/>\n<meta property=\"og:locale\" content=\"en_GB\" \/>\n<meta property=\"og:type\" content=\"article\" \/>\n<meta property=\"og:title\" content=\"Prezent na walentynki Serce Kotki - Piernik z Iskierk\u0105 - R\u0119cznie wykonane pierniki\" \/>\n<meta property=\"og:description\" content=\"Prezent na walentynki plakietki para. Nie masz pomys\u0142u czym obdarowa\u0107 swoj\u0105 drug\u0105 po\u0142\u00f3wk\u0119. Zach\u0119camy do zakupu. Gwarancja zadowolenia.\" \/>\n<meta property=\"og:url\" content=\"https:\/\/piernikziskierka.pl\/en\/product\/prezent-na-walentynki-serce-kotki\/\" \/>\n<meta property=\"og:site_name\" content=\"Piernik z Iskierk\u0105 - R\u0119cznie wykonane pierniki\" \/>\n<meta property=\"article:modified_time\" content=\"2026-02-16T17:04:43+00:00\" \/>\n<meta property=\"og:image\" content=\"https:\/\/piernikziskierka.pl\/wp-content\/uploads\/2026\/01\/Messenger_creation_45101CCE-1D6A-4C5F-BC2D-364FCA409197.jpg\" \/>\n\t<meta property=\"og:image:width\" content=\"1125\" \/>\n\t<meta property=\"og:image:height\" content=\"1500\" \/>\n\t<meta property=\"og:image:type\" content=\"image\/jpeg\" \/>\n<meta name=\"twitter:card\" content=\"summary_large_image\" \/>\n<meta name=\"twitter:label1\" content=\"Estimated reading time\" \/>\n\t<meta name=\"twitter:data1\" content=\"1 minute\" \/>\n<script type=\"application\/ld+json\" class=\"yoast-schema-graph\">{\"@context\":\"https:\/\/schema.org\",\"@graph\":[{\"@type\":\"WebPage\",\"@id\":\"https:\/\/piernikziskierka.pl\/produkt\/prezent-na-walentynki-serce-kotki\/\",\"url\":\"https:\/\/piernikziskierka.pl\/produkt\/prezent-na-walentynki-serce-kotki\/\",\"name\":\"Prezent na walentynki Serce Kotki - Piernik z Iskierk\u0105 - R\u0119cznie wykonane pierniki\",\"isPartOf\":{\"@id\":\"https:\/\/piernikziskierka.pl\/#website\"},\"datePublished\":\"2026-01-23T21:00:03+00:00\",\"dateModified\":\"2026-02-16T17:04:43+00:00\",\"description\":\"Prezent na walentynki plakietki para. Nie masz pomys\u0142u czym obdarowa\u0107 swoj\u0105 drug\u0105 po\u0142\u00f3wk\u0119. Zach\u0119camy do zakupu. Gwarancja zadowolenia.\",\"breadcrumb\":{\"@id\":\"https:\/\/piernikziskierka.pl\/produkt\/prezent-na-walentynki-serce-kotki\/#breadcrumb\"},\"inLanguage\":\"en-GB\",\"potentialAction\":[{\"@type\":\"ReadAction\",\"target\":[\"https:\/\/piernikziskierka.pl\/produkt\/prezent-na-walentynki-serce-kotki\/\"]}]},{\"@type\":\"BreadcrumbList\",\"@id\":\"https:\/\/piernikziskierka.pl\/produkt\/prezent-na-walentynki-serce-kotki\/#breadcrumb\",\"itemListElement\":[{\"@type\":\"ListItem\",\"position\":1,\"name\":\"Strona g\u0142\u00f3wna\",\"item\":\"https:\/\/piernikziskierka.pl\/\"},{\"@type\":\"ListItem\",\"position\":2,\"name\":\"Sklep\",\"item\":\"https:\/\/piernikziskierka.pl\/sklep\/\"},{\"@type\":\"ListItem\",\"position\":3,\"name\":\"Prezent na walentynki Serce Kotki\"}]},{\"@type\":\"WebSite\",\"@id\":\"https:\/\/piernikziskierka.pl\/#website\",\"url\":\"https:\/\/piernikziskierka.pl\/\",\"name\":\"Piernik z Iskierk\u0105 - R\u0119cznie wykonane pierniki\",\"description\":\"Sklep internetowy z r\u0119cznie wykonanymi piernikami\",\"potentialAction\":[{\"@type\":\"SearchAction\",\"target\":{\"@type\":\"EntryPoint\",\"urlTemplate\":\"https:\/\/piernikziskierka.pl\/?s={search_term_string}\"},\"query-input\":\"required name=search_term_string\"}],\"inLanguage\":\"en-GB\"}]}<\/script>\n<!-- \/ Yoast SEO plugin. -->","yoast_head_json":{"title":"Prezent na walentynki Serce Kotki - Piernik z Iskierk\u0105 - R\u0119cznie wykonane pierniki","description":"Prezent na walentynki plakietki para. Nie masz pomys\u0142u czym obdarowa\u0107 swoj\u0105 drug\u0105 po\u0142\u00f3wk\u0119. Zach\u0119camy do zakupu. Gwarancja zadowolenia.","robots":{"index":"index","follow":"follow","max-snippet":"max-snippet:-1","max-image-preview":"max-image-preview:large","max-video-preview":"max-video-preview:-1"},"canonical":"https:\/\/piernikziskierka.pl\/en\/product\/prezent-na-walentynki-serce-kotki\/","og_locale":"en_GB","og_type":"article","og_title":"Prezent na walentynki Serce Kotki - Piernik z Iskierk\u0105 - R\u0119cznie wykonane pierniki","og_description":"Prezent na walentynki plakietki para. Nie masz pomys\u0142u czym obdarowa\u0107 swoj\u0105 drug\u0105 po\u0142\u00f3wk\u0119. Zach\u0119camy do zakupu. Gwarancja zadowolenia.","og_url":"https:\/\/piernikziskierka.pl\/en\/product\/prezent-na-walentynki-serce-kotki\/","og_site_name":"Piernik z Iskierk\u0105 - R\u0119cznie wykonane pierniki","article_modified_time":"2026-02-16T17:04:43+00:00","og_image":[{"width":1125,"height":1500,"url":"https:\/\/piernikziskierka.pl\/wp-content\/uploads\/2026\/01\/Messenger_creation_45101CCE-1D6A-4C5F-BC2D-364FCA409197.jpg","type":"image\/jpeg"}],"twitter_card":"summary_large_image","twitter_misc":{"Estimated reading time":"1 minute"},"schema":{"@context":"https:\/\/schema.org","@graph":[{"@type":"WebPage","@id":"https:\/\/piernikziskierka.pl\/produkt\/prezent-na-walentynki-serce-kotki\/","url":"https:\/\/piernikziskierka.pl\/produkt\/prezent-na-walentynki-serce-kotki\/","name":"Prezent na walentynki Serce Kotki - Piernik z Iskierk\u0105 - R\u0119cznie wykonane pierniki","isPartOf":{"@id":"https:\/\/piernikziskierka.pl\/#website"},"datePublished":"2026-01-23T21:00:03+00:00","dateModified":"2026-02-16T17:04:43+00:00","description":"Prezent na walentynki plakietki para. Nie masz pomys\u0142u czym obdarowa\u0107 swoj\u0105 drug\u0105 po\u0142\u00f3wk\u0119. Zach\u0119camy do zakupu. Gwarancja zadowolenia.","breadcrumb":{"@id":"https:\/\/piernikziskierka.pl\/produkt\/prezent-na-walentynki-serce-kotki\/#breadcrumb"},"inLanguage":"en-GB","potentialAction":[{"@type":"ReadAction","target":["https:\/\/piernikziskierka.pl\/produkt\/prezent-na-walentynki-serce-kotki\/"]}]},{"@type":"BreadcrumbList","@id":"https:\/\/piernikziskierka.pl\/produkt\/prezent-na-walentynki-serce-kotki\/#breadcrumb","itemListElement":[{"@type":"ListItem","position":1,"name":"Strona g\u0142\u00f3wna","item":"https:\/\/piernikziskierka.pl\/"},{"@type":"ListItem","position":2,"name":"Sklep","item":"https:\/\/piernikziskierka.pl\/sklep\/"},{"@type":"ListItem","position":3,"name":"Prezent na walentynki Serce Kotki"}]},{"@type":"WebSite","@id":"https:\/\/piernikziskierka.pl\/#website","url":"https:\/\/piernikziskierka.pl\/","name":"Piernik z Iskierk\u0105 - R\u0119cznie wykonane pierniki","description":"Sklep internetowy z r\u0119cznie wykonanymi piernikami","potentialAction":[{"@type":"SearchAction","target":{"@type":"EntryPoint","urlTemplate":"https:\/\/piernikziskierka.pl\/?s={search_term_string}"},"query-input":"required name=search_term_string"}],"inLanguage":"en-GB"}]}},"_links":{"self":[{"href":"https:\/\/piernikziskierka.pl\/en\/wp-json\/wp\/v2\/product\/4081","targetHints":{"allow":["GET"]}}],"collection":[{"href":"https:\/\/piernikziskierka.pl\/en\/wp-json\/wp\/v2\/product"}],"about":[{"href":"https:\/\/piernikziskierka.pl\/en\/wp-json\/wp\/v2\/types\/product"}],"wp:featuredmedia":[{"embeddable":true,"href":"https:\/\/piernikziskierka.pl\/en\/wp-json\/wp\/v2\/media\/4077"}],"wp:attachment":[{"href":"https:\/\/piernikziskierka.pl\/en\/wp-json\/wp\/v2\/media?parent=4081"}],"wp:term":[{"taxonomy":"product_cat","embeddable":true,"href":"https:\/\/piernikziskierka.pl\/en\/wp-json\/wp\/v2\/product_cat?post=4081"},{"taxonomy":"product_tag","embeddable":true,"href":"https:\/\/piernikziskierka.pl\/en\/wp-json\/wp\/v2\/product_tag?post=4081"}],"curies":[{"name":"wp","href":"https:\/\/api.w.org\/{rel}","templated":true}]}}