{"id":4578,"date":"2026-04-19T20:13:04","date_gmt":"2026-04-19T18:13:04","guid":{"rendered":"https:\/\/piernikziskierka.pl\/?post_type=product&#038;p=4578"},"modified":"2026-04-19T20:15:02","modified_gmt":"2026-04-19T18:15:02","slug":"pierniki-slubne-serce-podziekowanie-dla-gosci","status":"publish","type":"product","link":"https:\/\/piernikziskierka.pl\/en\/product\/pierniki-slubne-serce-podziekowanie-dla-gosci\/","title":{"rendered":"Pierniki \u015alubne Serce Podzi\u0119kowanie Dla Go\u015bci"},"content":{"rendered":"<p>Pierniki \u015alubne Serce Podzi\u0119kowanie Dla Go\u015bci<\/p>\n<p>Sk\u0142ad: m\u0105ka, cukier, jaja, mi\u00f3d, przyprawa korzenna, margaryna kakao, soda.<\/p>\n<p>Zapakowane w woreczek celofanowy.<\/p>\n<p><span style=\"color: #ff0000;\"><strong>W uwagach prosimy poda\u0107 pierwsze litery imion pary m\u0142odej.<\/strong><\/span><\/p>\n<p>Mi\u0142y podarunek dla Waszych go\u015bci. Wyj\u0105tkowy dzie\u0144, niech zostanie w ich pami\u0119ci na d\u0142u\u017cej, tak\u017ce dzi\u0119ki symbolicznym pierniczkom weselnym. R\u0119cznie wykonany. Na bazie prawdziwego miodu z pobliskich pasiek. Starannie dopracowane w najmniejszym detalu. Udekorowane, ka\u017cde z osobna niepowtarzalny wygl\u0105d. Idealne na prezent, wystr\u00f3j, dekoracje.<\/p>\n<p>Piernik jadalny.<\/p>\n<p>Czas Realizacji: 2-7 dni roboczych<\/p>","protected":false},"excerpt":{"rendered":"<p>Podana cena za sztuk\u0119.<\/p>\n<p>Serce (9cm)<\/p>","protected":false},"featured_media":4574,"template":"","meta":[],"product_cat":[27],"product_tag":[],"class_list":{"0":"post-4578","1":"product","2":"type-product","3":"status-publish","4":"has-post-thumbnail","6":"product_cat-slubne","8":"first","9":"instock","10":"shipping-taxable","11":"purchasable","12":"product-type-simple"},"yoast_head":"<!-- This site is optimized with the Yoast SEO plugin v21.5 - https:\/\/yoast.com\/wordpress\/plugins\/seo\/ -->\n<title>Pierniki \u015alubne Serce Podzi\u0119kowanie Dla Go\u015bci - Piernik z Iskierk\u0105 - R\u0119cznie wykonane pierniki<\/title>\n<meta name=\"description\" content=\"Pierniki weselne to oryginalna i elegancka s\u0142odko\u015b\u0107 na wesele. R\u0119cznie robione, pi\u0119knie zdobione lukrem pierniki zachwycaj\u0105 smakiem i wygl\u0105dem.\" \/>\n<meta name=\"robots\" content=\"index, follow, max-snippet:-1, max-image-preview:large, max-video-preview:-1\" \/>\n<link rel=\"canonical\" href=\"https:\/\/piernikziskierka.pl\/en\/product\/pierniki-slubne-serce-podziekowanie-dla-gosci\/\" \/>\n<meta property=\"og:locale\" content=\"en_GB\" \/>\n<meta property=\"og:type\" content=\"article\" \/>\n<meta property=\"og:title\" content=\"Pierniki \u015alubne Serce Podzi\u0119kowanie Dla Go\u015bci - Piernik z Iskierk\u0105 - R\u0119cznie wykonane pierniki\" \/>\n<meta property=\"og:description\" content=\"Pierniki weselne to oryginalna i elegancka s\u0142odko\u015b\u0107 na wesele. R\u0119cznie robione, pi\u0119knie zdobione lukrem pierniki zachwycaj\u0105 smakiem i wygl\u0105dem.\" \/>\n<meta property=\"og:url\" content=\"https:\/\/piernikziskierka.pl\/en\/product\/pierniki-slubne-serce-podziekowanie-dla-gosci\/\" \/>\n<meta property=\"og:site_name\" content=\"Piernik z Iskierk\u0105 - R\u0119cznie wykonane pierniki\" \/>\n<meta property=\"article:modified_time\" content=\"2026-04-19T18:15:02+00:00\" \/>\n<meta property=\"og:image\" content=\"https:\/\/piernikziskierka.pl\/wp-content\/uploads\/2026\/04\/Wesele-podziekowanie-02.jpg\" \/>\n\t<meta property=\"og:image:width\" content=\"1125\" \/>\n\t<meta property=\"og:image:height\" content=\"1500\" \/>\n\t<meta property=\"og:image:type\" content=\"image\/jpeg\" \/>\n<meta name=\"twitter:card\" content=\"summary_large_image\" \/>\n<meta name=\"twitter:label1\" content=\"Estimated reading time\" \/>\n\t<meta name=\"twitter:data1\" content=\"1 minute\" \/>\n<script type=\"application\/ld+json\" class=\"yoast-schema-graph\">{\"@context\":\"https:\/\/schema.org\",\"@graph\":[{\"@type\":\"WebPage\",\"@id\":\"https:\/\/piernikziskierka.pl\/produkt\/pierniki-slubne-serce-podziekowanie-dla-gosci\/\",\"url\":\"https:\/\/piernikziskierka.pl\/produkt\/pierniki-slubne-serce-podziekowanie-dla-gosci\/\",\"name\":\"Pierniki \u015alubne Serce Podzi\u0119kowanie Dla Go\u015bci - Piernik z Iskierk\u0105 - R\u0119cznie wykonane pierniki\",\"isPartOf\":{\"@id\":\"https:\/\/piernikziskierka.pl\/#website\"},\"datePublished\":\"2026-04-19T18:13:04+00:00\",\"dateModified\":\"2026-04-19T18:15:02+00:00\",\"description\":\"Pierniki weselne to oryginalna i elegancka s\u0142odko\u015b\u0107 na wesele. R\u0119cznie robione, pi\u0119knie zdobione lukrem pierniki zachwycaj\u0105 smakiem i wygl\u0105dem.\",\"breadcrumb\":{\"@id\":\"https:\/\/piernikziskierka.pl\/produkt\/pierniki-slubne-serce-podziekowanie-dla-gosci\/#breadcrumb\"},\"inLanguage\":\"en-GB\",\"potentialAction\":[{\"@type\":\"ReadAction\",\"target\":[\"https:\/\/piernikziskierka.pl\/produkt\/pierniki-slubne-serce-podziekowanie-dla-gosci\/\"]}]},{\"@type\":\"BreadcrumbList\",\"@id\":\"https:\/\/piernikziskierka.pl\/produkt\/pierniki-slubne-serce-podziekowanie-dla-gosci\/#breadcrumb\",\"itemListElement\":[{\"@type\":\"ListItem\",\"position\":1,\"name\":\"Strona g\u0142\u00f3wna\",\"item\":\"https:\/\/piernikziskierka.pl\/\"},{\"@type\":\"ListItem\",\"position\":2,\"name\":\"Sklep\",\"item\":\"https:\/\/piernikziskierka.pl\/sklep\/\"},{\"@type\":\"ListItem\",\"position\":3,\"name\":\"Pierniki \u015alubne Serce Podzi\u0119kowanie Dla Go\u015bci\"}]},{\"@type\":\"WebSite\",\"@id\":\"https:\/\/piernikziskierka.pl\/#website\",\"url\":\"https:\/\/piernikziskierka.pl\/\",\"name\":\"Piernik z Iskierk\u0105 - R\u0119cznie wykonane pierniki\",\"description\":\"Sklep internetowy z r\u0119cznie wykonanymi piernikami\",\"potentialAction\":[{\"@type\":\"SearchAction\",\"target\":{\"@type\":\"EntryPoint\",\"urlTemplate\":\"https:\/\/piernikziskierka.pl\/?s={search_term_string}\"},\"query-input\":\"required name=search_term_string\"}],\"inLanguage\":\"en-GB\"}]}<\/script>\n<!-- \/ Yoast SEO plugin. -->","yoast_head_json":{"title":"Pierniki \u015alubne Serce Podzi\u0119kowanie Dla Go\u015bci - Piernik z Iskierk\u0105 - R\u0119cznie wykonane pierniki","description":"Pierniki weselne to oryginalna i elegancka s\u0142odko\u015b\u0107 na wesele. R\u0119cznie robione, pi\u0119knie zdobione lukrem pierniki zachwycaj\u0105 smakiem i wygl\u0105dem.","robots":{"index":"index","follow":"follow","max-snippet":"max-snippet:-1","max-image-preview":"max-image-preview:large","max-video-preview":"max-video-preview:-1"},"canonical":"https:\/\/piernikziskierka.pl\/en\/product\/pierniki-slubne-serce-podziekowanie-dla-gosci\/","og_locale":"en_GB","og_type":"article","og_title":"Pierniki \u015alubne Serce Podzi\u0119kowanie Dla Go\u015bci - Piernik z Iskierk\u0105 - R\u0119cznie wykonane pierniki","og_description":"Pierniki weselne to oryginalna i elegancka s\u0142odko\u015b\u0107 na wesele. R\u0119cznie robione, pi\u0119knie zdobione lukrem pierniki zachwycaj\u0105 smakiem i wygl\u0105dem.","og_url":"https:\/\/piernikziskierka.pl\/en\/product\/pierniki-slubne-serce-podziekowanie-dla-gosci\/","og_site_name":"Piernik z Iskierk\u0105 - R\u0119cznie wykonane pierniki","article_modified_time":"2026-04-19T18:15:02+00:00","og_image":[{"width":1125,"height":1500,"url":"https:\/\/piernikziskierka.pl\/wp-content\/uploads\/2026\/04\/Wesele-podziekowanie-02.jpg","type":"image\/jpeg"}],"twitter_card":"summary_large_image","twitter_misc":{"Estimated reading time":"1 minute"},"schema":{"@context":"https:\/\/schema.org","@graph":[{"@type":"WebPage","@id":"https:\/\/piernikziskierka.pl\/produkt\/pierniki-slubne-serce-podziekowanie-dla-gosci\/","url":"https:\/\/piernikziskierka.pl\/produkt\/pierniki-slubne-serce-podziekowanie-dla-gosci\/","name":"Pierniki \u015alubne Serce Podzi\u0119kowanie Dla Go\u015bci - Piernik z Iskierk\u0105 - R\u0119cznie wykonane pierniki","isPartOf":{"@id":"https:\/\/piernikziskierka.pl\/#website"},"datePublished":"2026-04-19T18:13:04+00:00","dateModified":"2026-04-19T18:15:02+00:00","description":"Pierniki weselne to oryginalna i elegancka s\u0142odko\u015b\u0107 na wesele. R\u0119cznie robione, pi\u0119knie zdobione lukrem pierniki zachwycaj\u0105 smakiem i wygl\u0105dem.","breadcrumb":{"@id":"https:\/\/piernikziskierka.pl\/produkt\/pierniki-slubne-serce-podziekowanie-dla-gosci\/#breadcrumb"},"inLanguage":"en-GB","potentialAction":[{"@type":"ReadAction","target":["https:\/\/piernikziskierka.pl\/produkt\/pierniki-slubne-serce-podziekowanie-dla-gosci\/"]}]},{"@type":"BreadcrumbList","@id":"https:\/\/piernikziskierka.pl\/produkt\/pierniki-slubne-serce-podziekowanie-dla-gosci\/#breadcrumb","itemListElement":[{"@type":"ListItem","position":1,"name":"Strona g\u0142\u00f3wna","item":"https:\/\/piernikziskierka.pl\/"},{"@type":"ListItem","position":2,"name":"Sklep","item":"https:\/\/piernikziskierka.pl\/sklep\/"},{"@type":"ListItem","position":3,"name":"Pierniki \u015alubne Serce Podzi\u0119kowanie Dla Go\u015bci"}]},{"@type":"WebSite","@id":"https:\/\/piernikziskierka.pl\/#website","url":"https:\/\/piernikziskierka.pl\/","name":"Piernik z Iskierk\u0105 - R\u0119cznie wykonane pierniki","description":"Sklep internetowy z r\u0119cznie wykonanymi piernikami","potentialAction":[{"@type":"SearchAction","target":{"@type":"EntryPoint","urlTemplate":"https:\/\/piernikziskierka.pl\/?s={search_term_string}"},"query-input":"required name=search_term_string"}],"inLanguage":"en-GB"}]}},"_links":{"self":[{"href":"https:\/\/piernikziskierka.pl\/en\/wp-json\/wp\/v2\/product\/4578","targetHints":{"allow":["GET"]}}],"collection":[{"href":"https:\/\/piernikziskierka.pl\/en\/wp-json\/wp\/v2\/product"}],"about":[{"href":"https:\/\/piernikziskierka.pl\/en\/wp-json\/wp\/v2\/types\/product"}],"wp:featuredmedia":[{"embeddable":true,"href":"https:\/\/piernikziskierka.pl\/en\/wp-json\/wp\/v2\/media\/4574"}],"wp:attachment":[{"href":"https:\/\/piernikziskierka.pl\/en\/wp-json\/wp\/v2\/media?parent=4578"}],"wp:term":[{"taxonomy":"product_cat","embeddable":true,"href":"https:\/\/piernikziskierka.pl\/en\/wp-json\/wp\/v2\/product_cat?post=4578"},{"taxonomy":"product_tag","embeddable":true,"href":"https:\/\/piernikziskierka.pl\/en\/wp-json\/wp\/v2\/product_tag?post=4578"}],"curies":[{"name":"wp","href":"https:\/\/api.w.org\/{rel}","templated":true}]}}