{"id":493,"date":"2021-05-14T09:56:22","date_gmt":"2021-05-14T07:56:22","guid":{"rendered":"https:\/\/piernikziskierka.pl\/?post_type=product&#038;p=493"},"modified":"2021-05-14T09:59:49","modified_gmt":"2021-05-14T07:59:49","slug":"piernik-bierzmowanie-plakietka-2","status":"publish","type":"product","link":"https:\/\/piernikziskierka.pl\/en\/product\/piernik-bierzmowanie-plakietka-2\/","title":{"rendered":"Piernik Bierzmowanie Plakietka 2"},"content":{"rendered":"<p>Sk\u0142ad: mleko, cukier, jaja, mi\u00f3d, przyprawa korzenna, margaryna kakao, soda.<\/p>\n<p>Zapakowane w pude\u0142ko z kokardk\u0105.<\/p>\n<p>Zaskocz swoich go\u015bci mi\u0142ym podarunkiem w postaci pierniczk\u00f3w na bierzmowanie. R\u0119cznie wykonany. Na bazie prawdziwego miodu z pobliskich pasiek. Starannie dopracowane w najmniejszym detalu. Udekorowane, ka\u017cde z osobna niepowtarzalny wygl\u0105d. Idealne na prezent, wystr\u00f3j, dekoracje.<\/p>\n<p>Piernik dekoracyjny.<\/p>\n<p>Czas Realizacji: 2-7 dni roboczych<\/p>","protected":false},"excerpt":{"rendered":"<p>Plakietka (14 cm)<\/p>","protected":false},"featured_media":473,"template":"","meta":[],"product_cat":[36,25],"product_tag":[],"class_list":{"0":"post-493","1":"product","2":"type-product","3":"status-publish","4":"has-post-thumbnail","6":"product_cat-bierzmowanie","7":"product_cat-uroczystosci-koscielne","9":"first","10":"instock","11":"shipping-taxable","12":"purchasable","13":"product-type-simple"},"yoast_head":"<!-- This site is optimized with the Yoast SEO plugin v21.5 - https:\/\/yoast.com\/wordpress\/plugins\/seo\/ -->\n<title>Piernik Bierzmowanie Plakietka 2 - Piernik z Iskierk\u0105 - R\u0119cznie wykonane pierniki<\/title>\n<meta name=\"robots\" content=\"index, follow, max-snippet:-1, max-image-preview:large, max-video-preview:-1\" \/>\n<link rel=\"canonical\" href=\"https:\/\/piernikziskierka.pl\/en\/product\/piernik-bierzmowanie-plakietka-2\/\" \/>\n<meta property=\"og:locale\" content=\"en_GB\" \/>\n<meta property=\"og:type\" content=\"article\" \/>\n<meta property=\"og:title\" content=\"Piernik Bierzmowanie Plakietka 2 - Piernik z Iskierk\u0105 - R\u0119cznie wykonane pierniki\" \/>\n<meta property=\"og:description\" content=\"Plakietka (14 cm)\" \/>\n<meta property=\"og:url\" content=\"https:\/\/piernikziskierka.pl\/en\/product\/piernik-bierzmowanie-plakietka-2\/\" \/>\n<meta property=\"og:site_name\" content=\"Piernik z Iskierk\u0105 - R\u0119cznie wykonane pierniki\" \/>\n<meta property=\"article:modified_time\" content=\"2021-05-14T07:59:49+00:00\" \/>\n<meta property=\"og:image\" content=\"https:\/\/piernikziskierka.pl\/wp-content\/uploads\/2021\/05\/IMG_20210312_161614.jpg\" \/>\n\t<meta property=\"og:image:width\" content=\"1125\" \/>\n\t<meta property=\"og:image:height\" content=\"1500\" \/>\n\t<meta property=\"og:image:type\" content=\"image\/jpeg\" \/>\n<meta name=\"twitter:card\" content=\"summary_large_image\" \/>\n<meta name=\"twitter:label1\" content=\"Estimated reading time\" \/>\n\t<meta name=\"twitter:data1\" content=\"1 minute\" \/>\n<script type=\"application\/ld+json\" class=\"yoast-schema-graph\">{\"@context\":\"https:\/\/schema.org\",\"@graph\":[{\"@type\":\"WebPage\",\"@id\":\"https:\/\/piernikziskierka.pl\/produkt\/piernik-bierzmowanie-plakietka-2\/\",\"url\":\"https:\/\/piernikziskierka.pl\/produkt\/piernik-bierzmowanie-plakietka-2\/\",\"name\":\"Piernik Bierzmowanie Plakietka 2 - Piernik z Iskierk\u0105 - R\u0119cznie wykonane pierniki\",\"isPartOf\":{\"@id\":\"https:\/\/piernikziskierka.pl\/#website\"},\"datePublished\":\"2021-05-14T07:56:22+00:00\",\"dateModified\":\"2021-05-14T07:59:49+00:00\",\"breadcrumb\":{\"@id\":\"https:\/\/piernikziskierka.pl\/produkt\/piernik-bierzmowanie-plakietka-2\/#breadcrumb\"},\"inLanguage\":\"en-GB\",\"potentialAction\":[{\"@type\":\"ReadAction\",\"target\":[\"https:\/\/piernikziskierka.pl\/produkt\/piernik-bierzmowanie-plakietka-2\/\"]}]},{\"@type\":\"BreadcrumbList\",\"@id\":\"https:\/\/piernikziskierka.pl\/produkt\/piernik-bierzmowanie-plakietka-2\/#breadcrumb\",\"itemListElement\":[{\"@type\":\"ListItem\",\"position\":1,\"name\":\"Strona g\u0142\u00f3wna\",\"item\":\"https:\/\/piernikziskierka.pl\/\"},{\"@type\":\"ListItem\",\"position\":2,\"name\":\"Sklep\",\"item\":\"https:\/\/piernikziskierka.pl\/sklep\/\"},{\"@type\":\"ListItem\",\"position\":3,\"name\":\"Piernik Bierzmowanie Plakietka 2\"}]},{\"@type\":\"WebSite\",\"@id\":\"https:\/\/piernikziskierka.pl\/#website\",\"url\":\"https:\/\/piernikziskierka.pl\/\",\"name\":\"Piernik z Iskierk\u0105 - R\u0119cznie wykonane pierniki\",\"description\":\"Sklep internetowy z r\u0119cznie wykonanymi piernikami\",\"potentialAction\":[{\"@type\":\"SearchAction\",\"target\":{\"@type\":\"EntryPoint\",\"urlTemplate\":\"https:\/\/piernikziskierka.pl\/?s={search_term_string}\"},\"query-input\":\"required name=search_term_string\"}],\"inLanguage\":\"en-GB\"}]}<\/script>\n<!-- \/ Yoast SEO plugin. -->","yoast_head_json":{"title":"Piernik Bierzmowanie Plakietka 2 - Piernik z Iskierk\u0105 - R\u0119cznie wykonane pierniki","robots":{"index":"index","follow":"follow","max-snippet":"max-snippet:-1","max-image-preview":"max-image-preview:large","max-video-preview":"max-video-preview:-1"},"canonical":"https:\/\/piernikziskierka.pl\/en\/product\/piernik-bierzmowanie-plakietka-2\/","og_locale":"en_GB","og_type":"article","og_title":"Piernik Bierzmowanie Plakietka 2 - Piernik z Iskierk\u0105 - R\u0119cznie wykonane pierniki","og_description":"Plakietka (14 cm)","og_url":"https:\/\/piernikziskierka.pl\/en\/product\/piernik-bierzmowanie-plakietka-2\/","og_site_name":"Piernik z Iskierk\u0105 - R\u0119cznie wykonane pierniki","article_modified_time":"2021-05-14T07:59:49+00:00","og_image":[{"width":1125,"height":1500,"url":"https:\/\/piernikziskierka.pl\/wp-content\/uploads\/2021\/05\/IMG_20210312_161614.jpg","type":"image\/jpeg"}],"twitter_card":"summary_large_image","twitter_misc":{"Estimated reading time":"1 minute"},"schema":{"@context":"https:\/\/schema.org","@graph":[{"@type":"WebPage","@id":"https:\/\/piernikziskierka.pl\/produkt\/piernik-bierzmowanie-plakietka-2\/","url":"https:\/\/piernikziskierka.pl\/produkt\/piernik-bierzmowanie-plakietka-2\/","name":"Piernik Bierzmowanie Plakietka 2 - Piernik z Iskierk\u0105 - R\u0119cznie wykonane pierniki","isPartOf":{"@id":"https:\/\/piernikziskierka.pl\/#website"},"datePublished":"2021-05-14T07:56:22+00:00","dateModified":"2021-05-14T07:59:49+00:00","breadcrumb":{"@id":"https:\/\/piernikziskierka.pl\/produkt\/piernik-bierzmowanie-plakietka-2\/#breadcrumb"},"inLanguage":"en-GB","potentialAction":[{"@type":"ReadAction","target":["https:\/\/piernikziskierka.pl\/produkt\/piernik-bierzmowanie-plakietka-2\/"]}]},{"@type":"BreadcrumbList","@id":"https:\/\/piernikziskierka.pl\/produkt\/piernik-bierzmowanie-plakietka-2\/#breadcrumb","itemListElement":[{"@type":"ListItem","position":1,"name":"Strona g\u0142\u00f3wna","item":"https:\/\/piernikziskierka.pl\/"},{"@type":"ListItem","position":2,"name":"Sklep","item":"https:\/\/piernikziskierka.pl\/sklep\/"},{"@type":"ListItem","position":3,"name":"Piernik Bierzmowanie Plakietka 2"}]},{"@type":"WebSite","@id":"https:\/\/piernikziskierka.pl\/#website","url":"https:\/\/piernikziskierka.pl\/","name":"Piernik z Iskierk\u0105 - R\u0119cznie wykonane pierniki","description":"Sklep internetowy z r\u0119cznie wykonanymi piernikami","potentialAction":[{"@type":"SearchAction","target":{"@type":"EntryPoint","urlTemplate":"https:\/\/piernikziskierka.pl\/?s={search_term_string}"},"query-input":"required name=search_term_string"}],"inLanguage":"en-GB"}]}},"_links":{"self":[{"href":"https:\/\/piernikziskierka.pl\/en\/wp-json\/wp\/v2\/product\/493","targetHints":{"allow":["GET"]}}],"collection":[{"href":"https:\/\/piernikziskierka.pl\/en\/wp-json\/wp\/v2\/product"}],"about":[{"href":"https:\/\/piernikziskierka.pl\/en\/wp-json\/wp\/v2\/types\/product"}],"wp:featuredmedia":[{"embeddable":true,"href":"https:\/\/piernikziskierka.pl\/en\/wp-json\/wp\/v2\/media\/473"}],"wp:attachment":[{"href":"https:\/\/piernikziskierka.pl\/en\/wp-json\/wp\/v2\/media?parent=493"}],"wp:term":[{"taxonomy":"product_cat","embeddable":true,"href":"https:\/\/piernikziskierka.pl\/en\/wp-json\/wp\/v2\/product_cat?post=493"},{"taxonomy":"product_tag","embeddable":true,"href":"https:\/\/piernikziskierka.pl\/en\/wp-json\/wp\/v2\/product_tag?post=493"}],"curies":[{"name":"wp","href":"https:\/\/api.w.org\/{rel}","templated":true}]}}