{"id":621,"date":"2021-10-23T13:49:10","date_gmt":"2021-10-23T11:49:10","guid":{"rendered":"https:\/\/piernikziskierka.pl\/?post_type=product&#038;p=621"},"modified":"2025-10-30T15:31:54","modified_gmt":"2025-10-30T14:31:54","slug":"piernik-swiateczny-dzwonek-mikolaj","status":"publish","type":"product","link":"https:\/\/piernikziskierka.pl\/en\/product\/piernik-swiateczny-dzwonek-mikolaj\/","title":{"rendered":"Piernik \u015awi\u0105teczny Dzwonek Miko\u0142aj"},"content":{"rendered":"<p><strong><span style=\"color: #6b3c13;\">Piernik \u015awi\u0105teczny Dzwonek Miko\u0142aj<\/span><\/strong><\/p>\n<p>Sk\u0142ad: m\u0105ka, cukier, jaja, mi\u00f3d, przyprawa korzenna, margaryna kakao, soda.<\/p>\n<p><strong>W uwagach prosz\u0119 poda\u0107 kolor dzwonka.<\/strong><\/p>\n<p>Malowane r\u0119cznie zapakowane w woreczek celofanowy.<\/p>\n<p>\u017badne s\u0142odycze nie symbolizuj\u0105 \u015bwi\u0105t Bo\u017cego Narodzenia tak jak pierniki lukrowane. Dlatego i tym razem nie mo\u017ce zabrakn\u0105\u0107, na Twoim stole lub choince pi\u0119knych pierniczk\u00f3w. R\u0119cznie wykonanych. Na bazie prawdziwego miodu z pobliskich pasiek. Starannie dopracowane w najmniejszym detalu. Udekorowane, ka\u017cde z osobna, niepowtarzalny wygl\u0105d. Idealne na prezent, wystr\u00f3j, dekoracje.<\/p>\n<p>Piernik jadalny.<\/p>\n<p>Czas Realizacji: 2-7 dni roboczych<\/p>","protected":false},"excerpt":{"rendered":"<p>Dzwonek Miko\u0142aj 1 szt (10cm)<\/p>","protected":false},"featured_media":3605,"template":"","meta":[],"product_cat":[24],"product_tag":[],"class_list":{"0":"post-621","1":"product","2":"type-product","3":"status-publish","4":"has-post-thumbnail","6":"product_cat-boze-narodzenie","8":"first","9":"instock","10":"shipping-taxable","11":"purchasable","12":"product-type-simple"},"yoast_head":"<!-- This site is optimized with the Yoast SEO plugin v21.5 - https:\/\/yoast.com\/wordpress\/plugins\/seo\/ -->\n<title>Piernik \u015awi\u0105teczny Dzwonek Miko\u0142aj<\/title>\n<meta name=\"robots\" content=\"index, follow, max-snippet:-1, max-image-preview:large, max-video-preview:-1\" \/>\n<link rel=\"canonical\" href=\"https:\/\/piernikziskierka.pl\/en\/product\/piernik-swiateczny-dzwonek-mikolaj\/\" \/>\n<meta property=\"og:locale\" content=\"en_GB\" \/>\n<meta property=\"og:type\" content=\"article\" \/>\n<meta property=\"og:title\" content=\"Piernik \u015awi\u0105teczny Dzwonek Miko\u0142aj\" \/>\n<meta property=\"og:description\" content=\"Dzwonek Miko\u0142aj 1 szt (10cm)\" \/>\n<meta property=\"og:url\" content=\"https:\/\/piernikziskierka.pl\/en\/product\/piernik-swiateczny-dzwonek-mikolaj\/\" \/>\n<meta property=\"og:site_name\" content=\"Piernik z Iskierk\u0105 - R\u0119cznie wykonane pierniki\" \/>\n<meta property=\"article:modified_time\" content=\"2025-10-30T14:31:54+00:00\" \/>\n<meta property=\"og:image\" content=\"https:\/\/piernikziskierka.pl\/wp-content\/uploads\/2025\/10\/IMGi_20211016_143959.jpg\" \/>\n\t<meta property=\"og:image:width\" content=\"1125\" \/>\n\t<meta property=\"og:image:height\" content=\"1500\" \/>\n\t<meta property=\"og:image:type\" content=\"image\/jpeg\" \/>\n<meta name=\"twitter:card\" content=\"summary_large_image\" \/>\n<meta name=\"twitter:label1\" content=\"Estimated reading time\" \/>\n\t<meta name=\"twitter:data1\" content=\"1 minute\" \/>\n<script type=\"application\/ld+json\" class=\"yoast-schema-graph\">{\"@context\":\"https:\/\/schema.org\",\"@graph\":[{\"@type\":\"WebPage\",\"@id\":\"https:\/\/piernikziskierka.pl\/produkt\/piernik-swiateczny-dzwonek-mikolaj\/\",\"url\":\"https:\/\/piernikziskierka.pl\/produkt\/piernik-swiateczny-dzwonek-mikolaj\/\",\"name\":\"Piernik \u015awi\u0105teczny Dzwonek Miko\u0142aj\",\"isPartOf\":{\"@id\":\"https:\/\/piernikziskierka.pl\/#website\"},\"datePublished\":\"2021-10-23T11:49:10+00:00\",\"dateModified\":\"2025-10-30T14:31:54+00:00\",\"breadcrumb\":{\"@id\":\"https:\/\/piernikziskierka.pl\/produkt\/piernik-swiateczny-dzwonek-mikolaj\/#breadcrumb\"},\"inLanguage\":\"en-GB\",\"potentialAction\":[{\"@type\":\"ReadAction\",\"target\":[\"https:\/\/piernikziskierka.pl\/produkt\/piernik-swiateczny-dzwonek-mikolaj\/\"]}]},{\"@type\":\"BreadcrumbList\",\"@id\":\"https:\/\/piernikziskierka.pl\/produkt\/piernik-swiateczny-dzwonek-mikolaj\/#breadcrumb\",\"itemListElement\":[{\"@type\":\"ListItem\",\"position\":1,\"name\":\"Strona g\u0142\u00f3wna\",\"item\":\"https:\/\/piernikziskierka.pl\/\"},{\"@type\":\"ListItem\",\"position\":2,\"name\":\"Sklep\",\"item\":\"https:\/\/piernikziskierka.pl\/sklep\/\"},{\"@type\":\"ListItem\",\"position\":3,\"name\":\"Piernik \u015awi\u0105teczny Dzwonek Miko\u0142aj\"}]},{\"@type\":\"WebSite\",\"@id\":\"https:\/\/piernikziskierka.pl\/#website\",\"url\":\"https:\/\/piernikziskierka.pl\/\",\"name\":\"Piernik z Iskierk\u0105 - R\u0119cznie wykonane pierniki\",\"description\":\"Sklep internetowy z r\u0119cznie wykonanymi piernikami\",\"potentialAction\":[{\"@type\":\"SearchAction\",\"target\":{\"@type\":\"EntryPoint\",\"urlTemplate\":\"https:\/\/piernikziskierka.pl\/?s={search_term_string}\"},\"query-input\":\"required name=search_term_string\"}],\"inLanguage\":\"en-GB\"}]}<\/script>\n<!-- \/ Yoast SEO plugin. -->","yoast_head_json":{"title":"Piernik \u015awi\u0105teczny Dzwonek Miko\u0142aj","robots":{"index":"index","follow":"follow","max-snippet":"max-snippet:-1","max-image-preview":"max-image-preview:large","max-video-preview":"max-video-preview:-1"},"canonical":"https:\/\/piernikziskierka.pl\/en\/product\/piernik-swiateczny-dzwonek-mikolaj\/","og_locale":"en_GB","og_type":"article","og_title":"Piernik \u015awi\u0105teczny Dzwonek Miko\u0142aj","og_description":"Dzwonek Miko\u0142aj 1 szt (10cm)","og_url":"https:\/\/piernikziskierka.pl\/en\/product\/piernik-swiateczny-dzwonek-mikolaj\/","og_site_name":"Piernik z Iskierk\u0105 - R\u0119cznie wykonane pierniki","article_modified_time":"2025-10-30T14:31:54+00:00","og_image":[{"width":1125,"height":1500,"url":"https:\/\/piernikziskierka.pl\/wp-content\/uploads\/2025\/10\/IMGi_20211016_143959.jpg","type":"image\/jpeg"}],"twitter_card":"summary_large_image","twitter_misc":{"Estimated reading time":"1 minute"},"schema":{"@context":"https:\/\/schema.org","@graph":[{"@type":"WebPage","@id":"https:\/\/piernikziskierka.pl\/produkt\/piernik-swiateczny-dzwonek-mikolaj\/","url":"https:\/\/piernikziskierka.pl\/produkt\/piernik-swiateczny-dzwonek-mikolaj\/","name":"Piernik \u015awi\u0105teczny Dzwonek Miko\u0142aj","isPartOf":{"@id":"https:\/\/piernikziskierka.pl\/#website"},"datePublished":"2021-10-23T11:49:10+00:00","dateModified":"2025-10-30T14:31:54+00:00","breadcrumb":{"@id":"https:\/\/piernikziskierka.pl\/produkt\/piernik-swiateczny-dzwonek-mikolaj\/#breadcrumb"},"inLanguage":"en-GB","potentialAction":[{"@type":"ReadAction","target":["https:\/\/piernikziskierka.pl\/produkt\/piernik-swiateczny-dzwonek-mikolaj\/"]}]},{"@type":"BreadcrumbList","@id":"https:\/\/piernikziskierka.pl\/produkt\/piernik-swiateczny-dzwonek-mikolaj\/#breadcrumb","itemListElement":[{"@type":"ListItem","position":1,"name":"Strona g\u0142\u00f3wna","item":"https:\/\/piernikziskierka.pl\/"},{"@type":"ListItem","position":2,"name":"Sklep","item":"https:\/\/piernikziskierka.pl\/sklep\/"},{"@type":"ListItem","position":3,"name":"Piernik \u015awi\u0105teczny Dzwonek Miko\u0142aj"}]},{"@type":"WebSite","@id":"https:\/\/piernikziskierka.pl\/#website","url":"https:\/\/piernikziskierka.pl\/","name":"Piernik z Iskierk\u0105 - R\u0119cznie wykonane pierniki","description":"Sklep internetowy z r\u0119cznie wykonanymi piernikami","potentialAction":[{"@type":"SearchAction","target":{"@type":"EntryPoint","urlTemplate":"https:\/\/piernikziskierka.pl\/?s={search_term_string}"},"query-input":"required name=search_term_string"}],"inLanguage":"en-GB"}]}},"_links":{"self":[{"href":"https:\/\/piernikziskierka.pl\/en\/wp-json\/wp\/v2\/product\/621","targetHints":{"allow":["GET"]}}],"collection":[{"href":"https:\/\/piernikziskierka.pl\/en\/wp-json\/wp\/v2\/product"}],"about":[{"href":"https:\/\/piernikziskierka.pl\/en\/wp-json\/wp\/v2\/types\/product"}],"wp:featuredmedia":[{"embeddable":true,"href":"https:\/\/piernikziskierka.pl\/en\/wp-json\/wp\/v2\/media\/3605"}],"wp:attachment":[{"href":"https:\/\/piernikziskierka.pl\/en\/wp-json\/wp\/v2\/media?parent=621"}],"wp:term":[{"taxonomy":"product_cat","embeddable":true,"href":"https:\/\/piernikziskierka.pl\/en\/wp-json\/wp\/v2\/product_cat?post=621"},{"taxonomy":"product_tag","embeddable":true,"href":"https:\/\/piernikziskierka.pl\/en\/wp-json\/wp\/v2\/product_tag?post=621"}],"curies":[{"name":"wp","href":"https:\/\/api.w.org\/{rel}","templated":true}]}}