{"id":796,"date":"2022-01-26T15:34:12","date_gmt":"2022-01-26T14:34:12","guid":{"rendered":"https:\/\/piernikziskierka.pl\/?post_type=product&#038;p=796"},"modified":"2026-02-20T14:59:38","modified_gmt":"2026-02-20T13:59:38","slug":"piernik-dla-dzieci-maja","status":"publish","type":"product","link":"https:\/\/piernikziskierka.pl\/en\/product\/piernik-dla-dzieci-maja\/","title":{"rendered":"Piernik Dla Dzieci Maja"},"content":{"rendered":"<p>Sk\u0142ad: mleko, cukier, jaja, mi\u00f3d, przyprawa korzenna, margaryna kakao, soda.<\/p>\n<p>Zapakowane w pude\u0142ko z kokardk\u0105.<\/p>\n<p>Pierniczki na zabawy, urodziny, przyj\u0119cia postacie z ulubionych kresk\u00f3wek.\u00a0 R\u0119cznie wykonany. Na bazie prawdziwego miodu z pobliskich pasiek. Starannie dopracowane w najmniejszym detalu. Udekorowane, ka\u017cde z osobna niepowtarzalny wygl\u0105d. Idealne na prezent, wystr\u00f3j, dekoracje.<\/p>\n<p>Piernik dekoracyjny.<\/p>\n<p>Czas Realizacji: 2-7 dni roboczych<\/p>","protected":false},"excerpt":{"rendered":"<p>Maja (12cm)<\/p>","protected":false},"featured_media":4252,"template":"","meta":[],"product_cat":[20,30,23],"product_tag":[],"class_list":{"0":"post-796","1":"product","2":"type-product","3":"status-publish","4":"has-post-thumbnail","6":"product_cat-dla-dzieci","7":"product_cat-okazjonalne","8":"product_cat-promocje","10":"first","11":"instock","12":"sale","13":"shipping-taxable","14":"purchasable","15":"product-type-simple"},"yoast_head":"<!-- This site is optimized with the Yoast SEO plugin v21.5 - https:\/\/yoast.com\/wordpress\/plugins\/seo\/ -->\n<title>Piernik Dla Dzieci Maja - Piernik z Iskierk\u0105 - R\u0119cznie wykonane pierniki<\/title>\n<meta name=\"robots\" content=\"index, follow, max-snippet:-1, max-image-preview:large, max-video-preview:-1\" \/>\n<link rel=\"canonical\" href=\"https:\/\/piernikziskierka.pl\/en\/product\/piernik-dla-dzieci-maja\/\" \/>\n<meta property=\"og:locale\" content=\"en_GB\" \/>\n<meta property=\"og:type\" content=\"article\" \/>\n<meta property=\"og:title\" content=\"Piernik Dla Dzieci Maja - Piernik z Iskierk\u0105 - R\u0119cznie wykonane pierniki\" \/>\n<meta property=\"og:description\" content=\"Maja (12cm)\" \/>\n<meta property=\"og:url\" content=\"https:\/\/piernikziskierka.pl\/en\/product\/piernik-dla-dzieci-maja\/\" \/>\n<meta property=\"og:site_name\" content=\"Piernik z Iskierk\u0105 - R\u0119cznie wykonane pierniki\" \/>\n<meta property=\"article:modified_time\" content=\"2026-02-20T13:59:38+00:00\" \/>\n<meta property=\"og:image\" content=\"https:\/\/piernikziskierka.pl\/wp-content\/uploads\/2026\/02\/Gemini_Generated_Image_mrd2sjmrd2sjmrd2.jpg\" \/>\n\t<meta property=\"og:image:width\" content=\"1125\" \/>\n\t<meta property=\"og:image:height\" content=\"1500\" \/>\n\t<meta property=\"og:image:type\" content=\"image\/jpeg\" \/>\n<meta name=\"twitter:card\" content=\"summary_large_image\" \/>\n<meta name=\"twitter:label1\" content=\"Estimated reading time\" \/>\n\t<meta name=\"twitter:data1\" content=\"1 minute\" \/>\n<script type=\"application\/ld+json\" class=\"yoast-schema-graph\">{\"@context\":\"https:\/\/schema.org\",\"@graph\":[{\"@type\":\"WebPage\",\"@id\":\"https:\/\/piernikziskierka.pl\/produkt\/piernik-dla-dzieci-maja\/\",\"url\":\"https:\/\/piernikziskierka.pl\/produkt\/piernik-dla-dzieci-maja\/\",\"name\":\"Piernik Dla Dzieci Maja - Piernik z Iskierk\u0105 - R\u0119cznie wykonane pierniki\",\"isPartOf\":{\"@id\":\"https:\/\/piernikziskierka.pl\/#website\"},\"datePublished\":\"2022-01-26T14:34:12+00:00\",\"dateModified\":\"2026-02-20T13:59:38+00:00\",\"breadcrumb\":{\"@id\":\"https:\/\/piernikziskierka.pl\/produkt\/piernik-dla-dzieci-maja\/#breadcrumb\"},\"inLanguage\":\"en-GB\",\"potentialAction\":[{\"@type\":\"ReadAction\",\"target\":[\"https:\/\/piernikziskierka.pl\/produkt\/piernik-dla-dzieci-maja\/\"]}]},{\"@type\":\"BreadcrumbList\",\"@id\":\"https:\/\/piernikziskierka.pl\/produkt\/piernik-dla-dzieci-maja\/#breadcrumb\",\"itemListElement\":[{\"@type\":\"ListItem\",\"position\":1,\"name\":\"Strona g\u0142\u00f3wna\",\"item\":\"https:\/\/piernikziskierka.pl\/\"},{\"@type\":\"ListItem\",\"position\":2,\"name\":\"Sklep\",\"item\":\"https:\/\/piernikziskierka.pl\/sklep\/\"},{\"@type\":\"ListItem\",\"position\":3,\"name\":\"Piernik Dla Dzieci Maja\"}]},{\"@type\":\"WebSite\",\"@id\":\"https:\/\/piernikziskierka.pl\/#website\",\"url\":\"https:\/\/piernikziskierka.pl\/\",\"name\":\"Piernik z Iskierk\u0105 - R\u0119cznie wykonane pierniki\",\"description\":\"Sklep internetowy z r\u0119cznie wykonanymi piernikami\",\"potentialAction\":[{\"@type\":\"SearchAction\",\"target\":{\"@type\":\"EntryPoint\",\"urlTemplate\":\"https:\/\/piernikziskierka.pl\/?s={search_term_string}\"},\"query-input\":\"required name=search_term_string\"}],\"inLanguage\":\"en-GB\"}]}<\/script>\n<!-- \/ Yoast SEO plugin. -->","yoast_head_json":{"title":"Piernik Dla Dzieci Maja - Piernik z Iskierk\u0105 - R\u0119cznie wykonane pierniki","robots":{"index":"index","follow":"follow","max-snippet":"max-snippet:-1","max-image-preview":"max-image-preview:large","max-video-preview":"max-video-preview:-1"},"canonical":"https:\/\/piernikziskierka.pl\/en\/product\/piernik-dla-dzieci-maja\/","og_locale":"en_GB","og_type":"article","og_title":"Piernik Dla Dzieci Maja - Piernik z Iskierk\u0105 - R\u0119cznie wykonane pierniki","og_description":"Maja (12cm)","og_url":"https:\/\/piernikziskierka.pl\/en\/product\/piernik-dla-dzieci-maja\/","og_site_name":"Piernik z Iskierk\u0105 - R\u0119cznie wykonane pierniki","article_modified_time":"2026-02-20T13:59:38+00:00","og_image":[{"width":1125,"height":1500,"url":"https:\/\/piernikziskierka.pl\/wp-content\/uploads\/2026\/02\/Gemini_Generated_Image_mrd2sjmrd2sjmrd2.jpg","type":"image\/jpeg"}],"twitter_card":"summary_large_image","twitter_misc":{"Estimated reading time":"1 minute"},"schema":{"@context":"https:\/\/schema.org","@graph":[{"@type":"WebPage","@id":"https:\/\/piernikziskierka.pl\/produkt\/piernik-dla-dzieci-maja\/","url":"https:\/\/piernikziskierka.pl\/produkt\/piernik-dla-dzieci-maja\/","name":"Piernik Dla Dzieci Maja - Piernik z Iskierk\u0105 - R\u0119cznie wykonane pierniki","isPartOf":{"@id":"https:\/\/piernikziskierka.pl\/#website"},"datePublished":"2022-01-26T14:34:12+00:00","dateModified":"2026-02-20T13:59:38+00:00","breadcrumb":{"@id":"https:\/\/piernikziskierka.pl\/produkt\/piernik-dla-dzieci-maja\/#breadcrumb"},"inLanguage":"en-GB","potentialAction":[{"@type":"ReadAction","target":["https:\/\/piernikziskierka.pl\/produkt\/piernik-dla-dzieci-maja\/"]}]},{"@type":"BreadcrumbList","@id":"https:\/\/piernikziskierka.pl\/produkt\/piernik-dla-dzieci-maja\/#breadcrumb","itemListElement":[{"@type":"ListItem","position":1,"name":"Strona g\u0142\u00f3wna","item":"https:\/\/piernikziskierka.pl\/"},{"@type":"ListItem","position":2,"name":"Sklep","item":"https:\/\/piernikziskierka.pl\/sklep\/"},{"@type":"ListItem","position":3,"name":"Piernik Dla Dzieci Maja"}]},{"@type":"WebSite","@id":"https:\/\/piernikziskierka.pl\/#website","url":"https:\/\/piernikziskierka.pl\/","name":"Piernik z Iskierk\u0105 - R\u0119cznie wykonane pierniki","description":"Sklep internetowy z r\u0119cznie wykonanymi piernikami","potentialAction":[{"@type":"SearchAction","target":{"@type":"EntryPoint","urlTemplate":"https:\/\/piernikziskierka.pl\/?s={search_term_string}"},"query-input":"required name=search_term_string"}],"inLanguage":"en-GB"}]}},"_links":{"self":[{"href":"https:\/\/piernikziskierka.pl\/en\/wp-json\/wp\/v2\/product\/796","targetHints":{"allow":["GET"]}}],"collection":[{"href":"https:\/\/piernikziskierka.pl\/en\/wp-json\/wp\/v2\/product"}],"about":[{"href":"https:\/\/piernikziskierka.pl\/en\/wp-json\/wp\/v2\/types\/product"}],"wp:featuredmedia":[{"embeddable":true,"href":"https:\/\/piernikziskierka.pl\/en\/wp-json\/wp\/v2\/media\/4252"}],"wp:attachment":[{"href":"https:\/\/piernikziskierka.pl\/en\/wp-json\/wp\/v2\/media?parent=796"}],"wp:term":[{"taxonomy":"product_cat","embeddable":true,"href":"https:\/\/piernikziskierka.pl\/en\/wp-json\/wp\/v2\/product_cat?post=796"},{"taxonomy":"product_tag","embeddable":true,"href":"https:\/\/piernikziskierka.pl\/en\/wp-json\/wp\/v2\/product_tag?post=796"}],"curies":[{"name":"wp","href":"https:\/\/api.w.org\/{rel}","templated":true}]}}